{"id":6435,"date":"2018-07-23T08:10:23","date_gmt":"2018-07-23T06:10:23","guid":{"rendered":"https:\/\/www.costadelsol-mallorca.com\/entorno\/alicante\/"},"modified":"2022-11-24T09:09:52","modified_gmt":"2022-11-24T08:09:52","slug":"mallorca","status":"publish","type":"page","link":"https:\/\/www.costadelsol-mallorca.com\/es\/entorno\/mallorca\/","title":{"rendered":"Mallorca"},"content":{"rendered":"<div class=\"wpb-content-wrapper\"><p>[vc_row equal_height=\u00bbyes\u00bb][vc_column css_animation=\u00bbnone\u00bb][vc_column_text]Mallorca es una isla espa\u00f1ola ubicada en la parte central del archipi\u00e9lago balear, perteneciente al mar Mediterr\u00e1neo. Su nombre proviene del lat\u00edn <em>\u201cinsula maior\u201d<\/em> que significa isla mayor. Sin embargo, el nombre que mejor la describe es <em>\u201cisla de la calma\u201d<\/em>, apodo que le otorg\u00f3 el pintor y escritor espa\u00f1ol Santiago Rusi\u00f1ol en 1922.<\/p>\n<p>La calma de un ba\u00f1o es sus calas de agua cristalina, de la brisa del mar al navegar en su mar turquesa, del silencio al adentrarse en sus cuevas escondidas, de las vistas al horizonte y de puestas de sol que nos invitan a contemplarlas hasta el \u00faltimo segundo.<\/p>\n<p><img loading=\"lazy\" decoding=\"async\" class=\"alignright\" src=\"https:\/\/www.costadelsol-mallorca.com\/wp-content\/uploads\/2022\/11\/pwfjad-palma-de-mallorca-img.jpg\" alt=\"\" width=\"500\" height=\"500\" \/><\/p>\n<p>Mallorca nos brinda la oportunidad de perdernos en pueblos con encanto rural como Dei\u00e0, S\u00f3ller, Alcudia o Fornalutxo. Aunque si de encanto se trata, Valldemossa se corona como uno de los pueblos m\u00e1s bellos que visitar en Mallorca. Lugar de inspiraci\u00f3n para numerosos aristas, pintores y escritores. Por \u00faltimo, Palma, su animada capital. La ciudad se destaca por un esp\u00edritu <em>chic <\/em>y animado, acentuado por el espectacular contraste que otorga su arquitectura con fachadas cl\u00e1sicas y callejones medievales y g\u00f3ticos.<\/p>\n<p>La isla invita a todos aquellos que quieran estirar la toalla en alguna de sus abundantes playas o calas a hacerlo. RO Spain invita a quienes se enamoren de ella a conocer la oferta de viviendas ideales para construirlas en su pr\u00f3ximo hogar. Con un clima que regala a sus habitantes m\u00e1s de 300 d\u00edas al a\u00f1o de sol e inviernos suaves y agradables, con temperaturas m\u00ednimas que rara vez descienden de los 5 grados. Un para\u00edso mediterr\u00e1neo para disfrutar todo el a\u00f1o.[\/vc_column_text][\/vc_column][\/vc_row][vc_row][vc_column]<div class=\"inspiry-message\"><strong>Resultado:<\/strong> <span>\u00a1No se ha encontrado ninguna propiedad!<\/span><\/div>[\/vc_column][\/vc_row]<\/p>\n<\/div>","protected":false},"excerpt":{"rendered":"<p>[vc_row equal_height=\u00bbyes\u00bb][vc_column css_animation=\u00bbnone\u00bb][vc_column_text]Mallorca es una isla espa\u00f1ola ubicada en la parte central del archipi\u00e9lago balear, perteneciente al mar Mediterr\u00e1neo. Su nombre proviene del lat\u00edn \u201cinsula maior\u201d que significa isla mayor. Sin embargo, el nombre que mejor la describe es \u201cisla de la calma\u201d, apodo que le otorg\u00f3 el pintor y escritor espa\u00f1ol Santiago Rusi\u00f1ol en&#8230;<\/p>\n","protected":false},"author":1,"featured_media":0,"parent":6421,"menu_order":0,"comment_status":"closed","ping_status":"closed","template":"","meta":{"footnotes":""},"class_list":["post-6435","page","type-page","status-publish","hentry"],"aioseo_notices":[],"_links":{"self":[{"href":"https:\/\/www.costadelsol-mallorca.com\/es\/wp-json\/wp\/v2\/pages\/6435","targetHints":{"allow":["GET"]}}],"collection":[{"href":"https:\/\/www.costadelsol-mallorca.com\/es\/wp-json\/wp\/v2\/pages"}],"about":[{"href":"https:\/\/www.costadelsol-mallorca.com\/es\/wp-json\/wp\/v2\/types\/page"}],"author":[{"embeddable":true,"href":"https:\/\/www.costadelsol-mallorca.com\/es\/wp-json\/wp\/v2\/users\/1"}],"replies":[{"embeddable":true,"href":"https:\/\/www.costadelsol-mallorca.com\/es\/wp-json\/wp\/v2\/comments?post=6435"}],"version-history":[{"count":5,"href":"https:\/\/www.costadelsol-mallorca.com\/es\/wp-json\/wp\/v2\/pages\/6435\/revisions"}],"predecessor-version":[{"id":97103,"href":"https:\/\/www.costadelsol-mallorca.com\/es\/wp-json\/wp\/v2\/pages\/6435\/revisions\/97103"}],"up":[{"embeddable":true,"href":"https:\/\/www.costadelsol-mallorca.com\/es\/wp-json\/wp\/v2\/pages\/6421"}],"wp:attachment":[{"href":"https:\/\/www.costadelsol-mallorca.com\/es\/wp-json\/wp\/v2\/media?parent=6435"}],"curies":[{"name":"wp","href":"https:\/\/api.w.org\/{rel}","templated":true}]}}