{"id":6441,"date":"2018-07-23T08:55:04","date_gmt":"2018-07-23T06:55:04","guid":{"rendered":"https:\/\/www.costadelsol-mallorca.com\/entorno\/buy-a-house-in-murcia\/"},"modified":"2022-11-24T09:43:46","modified_gmt":"2022-11-24T08:43:46","slug":"marbella","status":"publish","type":"page","link":"https:\/\/www.costadelsol-mallorca.com\/es\/entorno\/marbella\/","title":{"rendered":"Marbella"},"content":{"rendered":"<div class=\"wpb-content-wrapper\"><p>[vc_row][vc_column css_animation=\u00bbnone\u00bb][vc_column_text]Marbella es una ciudad ubicada a unos 60 kil\u00f3metros de la capital de M\u00e1laga y situada en un enclave \u00fanico gracias a la combinaci\u00f3n de monta\u00f1a y mar: el Parque Nacional Sierra de las Nieves tras ella, y el Mar de Albor\u00e1n justo en frente. El binomio de mar y monta\u00f1a, junto con el maravilloso clima mediterr\u00e1neo del que goza todo el a\u00f1o, convierten a Marbella en una ciudad sumamente tur\u00edstica y con vida a lo largo de todo el a\u00f1o. Actualmente, la ciudad consta de 150.000 habitantes, poblaci\u00f3n que normalmente se triplica en \u00e9poca de verano.<\/p>\n<p><img loading=\"lazy\" decoding=\"async\" class=\"alignright\" src=\"https:\/\/www.costadelsol-mallorca.com\/wp-content\/uploads\/2022\/11\/pwfjad-marbella-img.jpg\" alt=\"\" width=\"500\" height=\"500\" \/><\/p>\n<p>Las playas de Marbella recorren sus 27 kil\u00f3metros de costa y destacan con banderas azules, actividades n\u00e1uticas, preciosos puertos deportivos, chiringuitos, clubs de playa y centros de buceo.<\/p>\n<p>El deporte tambi\u00e9n es un punto que destaca en este lugar que ofrece parajes impresionantes para realizar innumerables actividades. Desde el golf, destac\u00e1ndose como la ciudad con mayor n\u00famero de campos en toda Espa\u00f1a, hasta rutas de senderismo, ciclismo, centros de equitaci\u00f3n y muchas otras formas de vivir y palpitar Marbella.<\/p>\n<p>La oferta de ocio no se queda atr\u00e1s: Abundante vida nocturna con espect\u00e1culos y recitales de m\u00fasica internacionales, parques y espect\u00e1culos para disfrutar en familia, y suficientes centros comerciales.<\/p>\n<p>Por \u00faltimo, su gastronom\u00eda. Restaurantes con estrella Michel\u00edn y una variedad de platos t\u00edpicos andaluces, pero con especial atenci\u00f3n a los frutos de mar. Sabores frescos y naturales para acompa\u00f1ar una vida saludable y tranquila en la ciudad Malague\u00f1a.[\/vc_column_text][\/vc_column][\/vc_row][vc_row][vc_column][vc_column_text]<\/p>\n<h3>Costa del Sol:<\/h3>\n<p>[\/vc_column_text]<div class=\"inspiry-message\"><strong>Resultado:<\/strong> <span>\u00a1No se ha encontrado ninguna propiedad!<\/span><\/div>[\/vc_column][\/vc_row]<\/p>\n<\/div>","protected":false},"excerpt":{"rendered":"<p>[vc_row][vc_column css_animation=\u00bbnone\u00bb][vc_column_text]Marbella es una ciudad ubicada a unos 60 kil\u00f3metros de la capital de M\u00e1laga y situada en un enclave \u00fanico gracias a la combinaci\u00f3n de monta\u00f1a y mar: el Parque Nacional Sierra de las Nieves tras ella, y el Mar de Albor\u00e1n justo en frente. El binomio de mar y monta\u00f1a, junto con el&#8230;<\/p>\n","protected":false},"author":1,"featured_media":0,"parent":6421,"menu_order":0,"comment_status":"closed","ping_status":"closed","template":"","meta":{"footnotes":""},"class_list":["post-6441","page","type-page","status-publish","hentry"],"aioseo_notices":[],"_links":{"self":[{"href":"https:\/\/www.costadelsol-mallorca.com\/es\/wp-json\/wp\/v2\/pages\/6441","targetHints":{"allow":["GET"]}}],"collection":[{"href":"https:\/\/www.costadelsol-mallorca.com\/es\/wp-json\/wp\/v2\/pages"}],"about":[{"href":"https:\/\/www.costadelsol-mallorca.com\/es\/wp-json\/wp\/v2\/types\/page"}],"author":[{"embeddable":true,"href":"https:\/\/www.costadelsol-mallorca.com\/es\/wp-json\/wp\/v2\/users\/1"}],"replies":[{"embeddable":true,"href":"https:\/\/www.costadelsol-mallorca.com\/es\/wp-json\/wp\/v2\/comments?post=6441"}],"version-history":[{"count":4,"href":"https:\/\/www.costadelsol-mallorca.com\/es\/wp-json\/wp\/v2\/pages\/6441\/revisions"}],"predecessor-version":[{"id":97885,"href":"https:\/\/www.costadelsol-mallorca.com\/es\/wp-json\/wp\/v2\/pages\/6441\/revisions\/97885"}],"up":[{"embeddable":true,"href":"https:\/\/www.costadelsol-mallorca.com\/es\/wp-json\/wp\/v2\/pages\/6421"}],"wp:attachment":[{"href":"https:\/\/www.costadelsol-mallorca.com\/es\/wp-json\/wp\/v2\/media?parent=6441"}],"curies":[{"name":"wp","href":"https:\/\/api.w.org\/{rel}","templated":true}]}}