{"id":6448,"date":"2018-07-23T08:59:41","date_gmt":"2018-07-23T06:59:41","guid":{"rendered":"https:\/\/www.costadelsol-mallorca.com\/entorno\/buy-a-house-in-costa-calida-orihuela-costa-ciudad-quesada\/"},"modified":"2022-11-24T09:10:44","modified_gmt":"2022-11-24T08:10:44","slug":"costa-del-sol","status":"publish","type":"page","link":"https:\/\/www.costadelsol-mallorca.com\/es\/entorno\/costa-del-sol\/","title":{"rendered":"Costa del Sol"},"content":{"rendered":"<div class=\"wpb-content-wrapper\"><p>[vc_row][vc_column css_animation=\u00bbnone\u00bb][vc_column_text]Ba\u00f1ada por el mar Mediterr\u00e1neo, la Costa del Sol abarca m\u00e1s de 150 kil\u00f3metros de litoral en la provincia de M\u00e1laga, al sur de la Pen\u00ednsula Ib\u00e9rica.<\/p>\n<p>No es de extra\u00f1ar que esta regi\u00f3n sea uno de los destinos tur\u00edsticos preferidos por los europeos. Describir la Costa del Sol es transportarse a un eterno verano: m\u00e1s de 300 d\u00edas al a\u00f1o de sol haciendo honor a su nombre, playas con agua templada t\u00edpicas del mediterr\u00e1neo, extensa oferta de deportes y ocio, paisajes sumamente contrastantes entre mar y monta\u00f1a, un ambiente relajado y una gastronom\u00eda exquisita.<\/p>\n<p><img loading=\"lazy\" decoding=\"async\" class=\"alignright\" src=\"https:\/\/www.costadelsol-mallorca.com\/wp-content\/uploads\/2022\/11\/pwfjad-costa-del-sol-nerja-andalucia-img.jpg\" alt=\"\" width=\"500\" height=\"500\" \/><\/p>\n<p>Torremolinos, Mijas, Marbella, Estepona, Benalm\u00e1dena. Solo algunos de los pueblos o ciudades que podemos encontrar en esta regi\u00f3n. Ninguno decepciona y cada uno de ellos comparte el encanto andaluz sin dejar de desplegar su individualidad. M\u00e1laga, su capital, es la sexta ciudad en n\u00famero de habitantes de toda Espa\u00f1a.<\/p>\n<p>La tendencia del mercado inmobiliario sigue registrando un alto dinamismo en la regi\u00f3n. Ya no hablamos \u00fanicamente de personas que buscan una segunda residencia o que desean retirarse en un futuro, sino que la tendencia viene cambiando de la mano de la tecnolog\u00eda y modalidad de trabajo. Un gran n\u00famero de j\u00f3venes que eligen la Costa del Sol para teletrabajar y pasar m\u00e1s tiempo del a\u00f1o all\u00ed.<\/p>\n<p>La provincia de M\u00e1laga acapara una cuarta parte del mercado inmobiliario de la vivienda y un 18% de obra nueva. Los motivos se remontan a sus caracter\u00edsticas y a la presencia del turismo de golf siendo Marbella la provincia con mayor n\u00famero de campos en toda Espa\u00f1a. La realidad es que el entorno es ideal para los compradores de vivienda.[\/vc_column_text][\/vc_column][\/vc_row][vc_row][vc_column]<div class=\"inspiry-message\"><strong>Resultado:<\/strong> <span>\u00a1No se ha encontrado ninguna propiedad!<\/span><\/div>[\/vc_column][\/vc_row]<\/p>\n<\/div>","protected":false},"excerpt":{"rendered":"<p>[vc_row][vc_column css_animation=\u00bbnone\u00bb][vc_column_text]Ba\u00f1ada por el mar Mediterr\u00e1neo, la Costa del Sol abarca m\u00e1s de 150 kil\u00f3metros de litoral en la provincia de M\u00e1laga, al sur de la Pen\u00ednsula Ib\u00e9rica. No es de extra\u00f1ar que esta regi\u00f3n sea uno de los destinos tur\u00edsticos preferidos por los europeos. Describir la Costa del Sol es transportarse a un eterno&#8230;<\/p>\n","protected":false},"author":1,"featured_media":0,"parent":6421,"menu_order":0,"comment_status":"closed","ping_status":"closed","template":"","meta":{"footnotes":""},"class_list":["post-6448","page","type-page","status-publish","hentry"],"aioseo_notices":[],"_links":{"self":[{"href":"https:\/\/www.costadelsol-mallorca.com\/es\/wp-json\/wp\/v2\/pages\/6448","targetHints":{"allow":["GET"]}}],"collection":[{"href":"https:\/\/www.costadelsol-mallorca.com\/es\/wp-json\/wp\/v2\/pages"}],"about":[{"href":"https:\/\/www.costadelsol-mallorca.com\/es\/wp-json\/wp\/v2\/types\/page"}],"author":[{"embeddable":true,"href":"https:\/\/www.costadelsol-mallorca.com\/es\/wp-json\/wp\/v2\/users\/1"}],"replies":[{"embeddable":true,"href":"https:\/\/www.costadelsol-mallorca.com\/es\/wp-json\/wp\/v2\/comments?post=6448"}],"version-history":[{"count":4,"href":"https:\/\/www.costadelsol-mallorca.com\/es\/wp-json\/wp\/v2\/pages\/6448\/revisions"}],"predecessor-version":[{"id":97876,"href":"https:\/\/www.costadelsol-mallorca.com\/es\/wp-json\/wp\/v2\/pages\/6448\/revisions\/97876"}],"up":[{"embeddable":true,"href":"https:\/\/www.costadelsol-mallorca.com\/es\/wp-json\/wp\/v2\/pages\/6421"}],"wp:attachment":[{"href":"https:\/\/www.costadelsol-mallorca.com\/es\/wp-json\/wp\/v2\/media?parent=6448"}],"curies":[{"name":"wp","href":"https:\/\/api.w.org\/{rel}","templated":true}]}}