{"id":6455,"date":"2018-07-13T12:41:25","date_gmt":"2018-07-13T10:41:25","guid":{"rendered":"https:\/\/www.costadelsol-mallorca.com\/onze-diensten\/"},"modified":"2023-01-23T10:32:52","modified_gmt":"2023-01-23T09:32:52","slug":"nuestros-servicios","status":"publish","type":"page","link":"https:\/\/www.costadelsol-mallorca.com\/es\/nuestros-servicios\/","title":{"rendered":"Nuestros servicios"},"content":{"rendered":"<p>[vc_row][vc_column][vc_column_text]<strong>RO Spain Real Estate<\/strong> es una empresa espa\u00f1ola bajo gesti\u00f3n holandesa, que lleva m\u00e1s de 12 a\u00f1os activa como agencia inmobiliaria holandesa y de habla flamenca en la Costa Blanca, Costa C\u00e1lida, Costa del Sol en Mallorca.<\/p>\n<p>Nuestro lema es: La calidad no tiene por qu\u00e9 ser cara.<\/p>\n<p>\u00bfSab\u00eda que los propietarios de una vivienda en Espa\u00f1a, tanto residentes como no residentes, est\u00e1n obligados por ley a realizar un informe anual (Renta) en Espa\u00f1a y que deben designar un representante fiscal?<\/p>\n<p>Nos ocupamos de todos los asuntos administrativos relacionados con la compra de una vivienda en Espa\u00f1a.[\/vc_column_text][\/vc_column][\/vc_row][vc_row css_animation=\u00bbfadeInUp\u00bb css=\u00bb.vc_custom_1532334904709{border-bottom-width: 1px !important;border-bottom-color: #eeeeee !important;border-bottom-style: solid !important;}\u00bb][vc_column width=\u00bb1\/3&#8243;][vc_single_image image=\u00bb392&#8243; img_size=\u00bbfull\u00bb alignment=\u00bbcenter\u00bb style=\u00bbvc_box_shadow_border\u00bb css_animation=\u00bbnone\u00bb][\/vc_column][vc_column width=\u00bb2\/3&#8243;][vc_column_text]<\/p>\n<h5>En relaci\u00f3n con la vivienda:<\/h5>\n<ul>\n<li>Asistencia en todo el proceso de compra de su propiedad en Espa\u00f1a.<\/li>\n<li>Asistencia de compra con la venta de su negocio en Espa\u00f1a.<\/li>\n<\/ul>\n<p>[\/vc_column_text][\/vc_column][\/vc_row][vc_row css_animation=\u00bbfadeInUp\u00bb css=\u00bb.vc_custom_1532334911830{border-bottom-width: 1px !important;border-bottom-color: #eeeeee !important;border-bottom-style: solid !important;}\u00bb][vc_column width=\u00bb1\/3&#8243;][vc_single_image image=\u00bb400&#8243; img_size=\u00bbfull\u00bb alignment=\u00bbcenter\u00bb style=\u00bbvc_box_shadow_border\u00bb css_animation=\u00bbnone\u00bb][\/vc_column][vc_column width=\u00bb2\/3&#8243;][vc_column_text]<\/p>\n<h5>Asuntos Fiscales:<\/h5>\n<ul>\n<li>Actuamos como su representante fiscal en Espa\u00f1a<\/li>\n<li>Declaraci\u00f3n de impuestos (Declaraci\u00f3n de la Renta)<\/li>\n<li>Solicitud de N.I.E. (N\u00famero de identificaci\u00f3n para extranjeros de Espa\u00f1a)<\/li>\n<li>Pago de impuestos en Espa\u00f1a<\/li>\n<\/ul>\n<p>[\/vc_column_text][\/vc_column][\/vc_row][vc_row css_animation=\u00bbfadeInUp\u00bb css=\u00bb.vc_custom_1532334920642{border-bottom-width: 1px !important;border-bottom-color: #eeeeee !important;border-bottom-style: solid !important;}\u00bb][vc_column width=\u00bb1\/3&#8243;][vc_single_image image=\u00bb394&#8243; img_size=\u00bbfull\u00bb alignment=\u00bbcenter\u00bb style=\u00bbvc_box_shadow_border\u00bb css_animation=\u00bbnone\u00bb][\/vc_column][vc_column width=\u00bb2\/3&#8243;][vc_column_text]<\/p>\n<h5>Trabajos de construcci\u00f3n:<\/h5>\n<ul>\n<li>Inspecci\u00f3n de edificios de viviendas y espacios comerciales<\/li>\n<li>Encuestas<\/li>\n<\/ul>\n<p>[\/vc_column_text][\/vc_column][\/vc_row][vc_row css_animation=\u00bbfadeInUp\u00bb css=\u00bb.vc_custom_1532334928834{border-bottom-width: 1px !important;border-bottom-color: #eeeeee !important;border-bottom-style: solid !important;}\u00bb][vc_column width=\u00bb1\/3&#8243;][vc_single_image image=\u00bb396&#8243; img_size=\u00bbfull\u00bb alignment=\u00bbcenter\u00bb style=\u00bbvc_box_shadow_border\u00bb css_animation=\u00bbnone\u00bb][\/vc_column][vc_column width=\u00bb2\/3&#8243;][vc_column_text]<\/p>\n<h5>Procesos notariales:<\/h5>\n<ul>\n<li>Poderes notariales<\/li>\n<li>Legados<\/li>\n<li>Testamentos<\/li>\n<\/ul>\n<p>[\/vc_column_text][\/vc_column][\/vc_row][vc_row css_animation=\u00bbfadeInUp\u00bb][vc_column width=\u00bb1\/3&#8243;][vc_single_image image=\u00bb398&#8243; img_size=\u00bbfull\u00bb alignment=\u00bbcenter\u00bb style=\u00bbvc_box_shadow_border\u00bb css_animation=\u00bbnone\u00bb][\/vc_column][vc_column width=\u00bb2\/3&#8243;][vc_column_text]<\/p>\n<h5>Otros servicios:<\/h5>\n<ul>\n<li>Traducciones<\/li>\n<li>Seguros ( gastos m\u00e9dicos, entierros, seguros de vida, etc.)<\/li>\n<li>Inscripci\u00f3n en el padr\u00f3n municipal<\/li>\n<\/ul>\n<p>[\/vc_column_text][\/vc_column][\/vc_row][vc_row css_animation=\u00bbfadeInUp\u00bb][vc_column][vc_column_text]Para m\u00e1s preguntas y \/ o informaci\u00f3n, no dude en contactarnos.\u00a0<a href=\"http:\/\/www.costadelsol-mallorca.com\/es\/contacto\/\">CONTACTO<\/a>[\/vc_column_text][\/vc_column][\/vc_row]<\/p>\n","protected":false},"excerpt":{"rendered":"<p>[vc_row][vc_column][vc_column_text]RO Spain Real Estate es una empresa espa\u00f1ola bajo gesti\u00f3n holandesa, que lleva m\u00e1s de 12 a\u00f1os activa como agencia inmobiliaria holandesa y de habla flamenca en la Costa Blanca, Costa C\u00e1lida, Costa del Sol en Mallorca. Nuestro lema es: La calidad no tiene por qu\u00e9 ser cara. \u00bfSab\u00eda que los propietarios de una vivienda&#8230;<\/p>\n","protected":false},"author":1,"featured_media":0,"parent":0,"menu_order":0,"comment_status":"closed","ping_status":"closed","template":"templates\/full-width.php","meta":[],"aioseo_notices":[],"_links":{"self":[{"href":"https:\/\/www.costadelsol-mallorca.com\/es\/wp-json\/wp\/v2\/pages\/6455"}],"collection":[{"href":"https:\/\/www.costadelsol-mallorca.com\/es\/wp-json\/wp\/v2\/pages"}],"about":[{"href":"https:\/\/www.costadelsol-mallorca.com\/es\/wp-json\/wp\/v2\/types\/page"}],"author":[{"embeddable":true,"href":"https:\/\/www.costadelsol-mallorca.com\/es\/wp-json\/wp\/v2\/users\/1"}],"replies":[{"embeddable":true,"href":"https:\/\/www.costadelsol-mallorca.com\/es\/wp-json\/wp\/v2\/comments?post=6455"}],"version-history":[{"count":4,"href":"https:\/\/www.costadelsol-mallorca.com\/es\/wp-json\/wp\/v2\/pages\/6455\/revisions"}],"predecessor-version":[{"id":106465,"href":"https:\/\/www.costadelsol-mallorca.com\/es\/wp-json\/wp\/v2\/pages\/6455\/revisions\/106465"}],"wp:attachment":[{"href":"https:\/\/www.costadelsol-mallorca.com\/es\/wp-json\/wp\/v2\/media?parent=6455"}],"curies":[{"name":"wp","href":"https:\/\/api.w.org\/{rel}","templated":true}]}}