{"id":6500,"date":"2019-05-31T12:08:11","date_gmt":"2019-05-31T10:08:11","guid":{"rendered":"https:\/\/www.costadelsol-mallorca.com\/?page_id=6500"},"modified":"2019-06-11T06:47:36","modified_gmt":"2019-06-11T04:47:36","slug":"golden-visa","status":"publish","type":"page","link":"https:\/\/www.costadelsol-mallorca.com\/es\/golden-visa\/","title":{"rendered":"Golden Visa"},"content":{"rendered":"<p>[vc_row][vc_column][vc_column_text]<strong><img loading=\"lazy\" class=\"alignright wp-image-6533\" src=\"https:\/\/www.costadelsol-mallorca.com\/wp-content\/uploads\/2019\/06\/costa_blanca_golden_visa-300x200.jpg\" alt=\"\" width=\"555\" height=\"370\" srcset=\"https:\/\/www.costadelsol-mallorca.com\/wp-content\/uploads\/2019\/06\/costa_blanca_golden_visa-300x200.jpg 300w, https:\/\/www.costadelsol-mallorca.com\/wp-content\/uploads\/2019\/06\/costa_blanca_golden_visa-768x512.jpg 768w, https:\/\/www.costadelsol-mallorca.com\/wp-content\/uploads\/2019\/06\/costa_blanca_golden_visa-150x100.jpg 150w, https:\/\/www.costadelsol-mallorca.com\/wp-content\/uploads\/2019\/06\/costa_blanca_golden_visa-244x163.jpg 244w, https:\/\/www.costadelsol-mallorca.com\/wp-content\/uploads\/2019\/06\/costa_blanca_golden_visa.jpg 1000w\" sizes=\"(max-width: 555px) 100vw, 555px\" \/>\u00bfQu\u00e9 es una Golden <span style=\"color: #d2b246; font-weight: 500;\">Visa<\/span>?<\/strong><\/p>\n<p>En 2013, Espa\u00f1a introdujo un nuevo tipo de <span style=\"color: #d2b246; font-weight: 500;\">Visa<\/span> y permiso de residencia para los inversores conocida como <strong>GOLDEN <span style=\"color: #d2b246; font-weight: 500;\">Visa<\/span><\/strong>. El prop\u00f3sito principal de esto fue fomentar las inversiones en Espa\u00f1a por parte de extranjeros que no son ciudadanos de la Uni\u00f3n Europea.<\/p>\n<p>&nbsp;<\/p>\n<p><strong>Beneficios de una Golden <span style=\"color: #d2b246; font-weight: 500;\">Visa<\/span>:<\/strong><\/p>\n<ul>\n<li>Se trata de un nuevo tipo de <span style=\"color: #d2b246; font-weight: 500;\">Visa<\/span> que le permite ingresar y permanecer en Espa\u00f1a por un per\u00edodo de 1 a\u00f1o, aumentando el per\u00edodo habitual de 90 d\u00edas para no residentes.<\/li>\n<li>Permite circular libremente y sin restricciones a lo largo del \u00e1rea \u00ab<em>Schengen<\/em>\u00bb (Espa\u00f1a, Francia, Alemania, Austria, B\u00e9lgica, Dinamarca, Estonia, Finlandia, Grecia, Hungr\u00eda, Islandia, Italia, Letonia, Lituania, Rep\u00fablica Checa, Liechtenstein, Luxemburgo, Malta, Pa\u00edses Bajos, Noruega, Polonia, Portugal, Eslovenia, Eslovaquia, Suecia y Suiza).<\/li>\n<li>Constituye un nuevo tipo de permiso de residencia, que puede solicitarse al final de la <span style=\"color: #d2b246; font-weight: 500;\">Visa<\/span>, y que es v\u00e1lido por dos a\u00f1os renovables por un per\u00edodo de dos a\u00f1os m\u00e1s.<\/li>\n<li>No implica un per\u00edodo m\u00ednimo de residencia en Espa\u00f1a de 183 d\u00edas para su renovaci\u00f3n (el beneficiario puede mantener su domicilio fiscal fuera de Espa\u00f1a).<\/li>\n<li>Pueden solicitar la <span style=\"color: #d2b246; font-weight: 500;\">Visa<\/span> conjuntamente el inversionista, su c\u00f3nyuge, los ni\u00f1os menores de 18 a\u00f1os o adultos dependientes por motivos de salud.<\/li>\n<\/ul>\n<p>&nbsp;<\/p>\n<p><strong><img loading=\"lazy\" class=\"alignright size-full wp-image-6551\" src=\"https:\/\/www.costadelsol-mallorca.com\/wp-content\/uploads\/2019\/06\/visaoro.jpg\" alt=\"\" width=\"555\" height=\"371\" srcset=\"https:\/\/www.costadelsol-mallorca.com\/wp-content\/uploads\/2019\/06\/visaoro.jpg 555w, https:\/\/www.costadelsol-mallorca.com\/wp-content\/uploads\/2019\/06\/visaoro-300x201.jpg 300w, https:\/\/www.costadelsol-mallorca.com\/wp-content\/uploads\/2019\/06\/visaoro-150x100.jpg 150w, https:\/\/www.costadelsol-mallorca.com\/wp-content\/uploads\/2019\/06\/visaoro-244x163.jpg 244w\" sizes=\"(max-width: 555px) 100vw, 555px\" \/>Tipos de Golden <span style=\"color: #d2b246; font-weight: 500;\">Visa<\/span>:<\/strong><\/p>\n<p>La forma m\u00e1s com\u00fan de obtener una Golden <span style=\"color: #d2b246; font-weight: 500;\">Visa<\/span> es mediante la adquisici\u00f3n de un activo inmobiliario valorado en \u20ac 500,000 o m\u00e1s.<\/p>\n<p>Invertir en una propiedad en Espa\u00f1a, no s\u00f3lo es una oportunidad \u00fanica por la obtenci\u00f3n de este tipo de <span style=\"color: #d2b246; font-weight: 500;\">Visa<\/span>, si no por la enorme rentabilidad que se le puede sacar a una vivienda en la actualidad.<\/p>\n<p>Con la recuperaci\u00f3n del mercado inmobiliario y la previsi\u00f3n de subida de la rentabilidad entre un 6 % y el 8%\u00a0 en la Costa Blanca , la vivienda vuelve a ser un activo rentable, destacando que el pasado a\u00f1o 2018 la rentabilidad ha supuesto a cierre del tercer trimestre una rentabilidad anual de entre el 6% y el 10 % bruto.<\/p>\n<p>Uno de los aspectos m\u00e1s importantes a tener en cuenta a la hora de adquirir un inmueble como inversi\u00f3n, es la zona donde se va a realizar la compra, ya que en algunas zonas el margen de rentabilidad puede estar tocando techo.<\/p>\n<p>En RO Spain Real Estate, como profesionales en el sector, creemos firmemente que la mejor opci\u00f3n es apostar por las zonas de costa, especialmente la costa Mediterr\u00e1nea. En esta zona, se prev\u00e9 que para el a\u00f1o 2019 , tanto la rentabilidad de alquiler como el incremento de precios crezca notablemente respecto al resto de Espa\u00f1a.<\/p>\n<p>Como expertos en la materia estaremos encantados de guiarlo a lo largo de todo el proceso cumpliendo juntos su deseo de encontrar la vivienda so\u00f1ada, as\u00ed sea un apartamento, una villa o una vivienda adosada.\u00a0En RO Spain nos comprometemos a realizar la mejor selecci\u00f3n de viviendas para usted y su familia, atendiendo rigurosamente a sus preferencias y deseos.<\/p>\n<p>Nuestra misi\u00f3n es acompa\u00f1arlo a lo largo de todos los pasos, incluyendo cualquier cuesti\u00f3n administrativa, servicios legales y jur\u00eddicos y, si lo desea, ayud\u00e1ndole con el alquiler de la propiedad cuando se haya completado la compra.<\/p>\n<p>Esta es la forma m\u00e1s com\u00fan para obtener la Golden Visa, sin embargo, no es la \u00fanica\u00a0ya que que existen m\u00e1s vias:<\/p>\n<ul>\n<li>Una inversi\u00f3n igual o superior a 2 millones de euros en t\u00edtulos de deuda p\u00fablica espa\u00f1ola.<\/li>\n<li>Con objeto de adquisici\u00f3n de acciones de empresas espa\u00f1olas, o dep\u00f3sitos bancarios en entidades financieras espa\u00f1olas, por importe igual o superior a un mill\u00f3n de euros.<\/li>\n<li>Llevar a cabo proyectos empresariales en nuestro pa\u00eds. Deben ser considerados y acreditados de inter\u00e9s general en Espa\u00f1a. En este sentido, para solicitar el visado de residencia para inversores por este motivo, para que se considere un proyecto de inter\u00e9s p\u00fablico, debe darse una de las siguientes condiciones:\n<ul>\n<li>Que se creen puestos de trabajo.<\/li>\n<li>Inversi\u00f3n con impacto socioecon\u00f3mico en la regi\u00f3n.<\/li>\n<li>Que se aporte una importante novedad tecnol\u00f3gica y\/o cient\u00edfica.<\/li>\n<\/ul>\n<\/li>\n<\/ul>\n<p>[\/vc_column_text][\/vc_column][\/vc_row][vc_row][vc_column][vc_column_text][\/vc_column_text][\/vc_column][\/vc_row][vc_row][vc_column][vc_column_text]<strong><img loading=\"lazy\" class=\"alignright wp-image-6536\" src=\"https:\/\/www.costadelsol-mallorca.com\/wp-content\/uploads\/2019\/06\/pasaporte_espa\u00f1a.jpg\" alt=\"\" width=\"555\" height=\"370\" srcset=\"https:\/\/www.costadelsol-mallorca.com\/wp-content\/uploads\/2019\/06\/pasaporte_espa\u00f1a.jpg 1080w, https:\/\/www.costadelsol-mallorca.com\/wp-content\/uploads\/2019\/06\/pasaporte_espa\u00f1a-300x200.jpg 300w, https:\/\/www.costadelsol-mallorca.com\/wp-content\/uploads\/2019\/06\/pasaporte_espa\u00f1a-768x512.jpg 768w, https:\/\/www.costadelsol-mallorca.com\/wp-content\/uploads\/2019\/06\/pasaporte_espa\u00f1a-1024x683.jpg 1024w, https:\/\/www.costadelsol-mallorca.com\/wp-content\/uploads\/2019\/06\/pasaporte_espa\u00f1a-150x100.jpg 150w, https:\/\/www.costadelsol-mallorca.com\/wp-content\/uploads\/2019\/06\/pasaporte_espa\u00f1a-244x163.jpg 244w\" sizes=\"(max-width: 555px) 100vw, 555px\" \/>Requerimientos generales:<\/strong><\/p>\n<ul>\n<li>No haber entrado o permanecido ilegalmente en territorio espa\u00f1ol.<\/li>\n<li>Ser mayor de edad (18 a\u00f1os).<\/li>\n<li>No tener antecedentes penales en Espa\u00f1a ni en los pa\u00edses donde el peticionario haya vivido durante los \u00faltimos 5 a\u00f1os.<\/li>\n<li>No aparecer como rechazado en ning\u00fan pa\u00eds que tenga un acuerdo v\u00e1lido con Espa\u00f1a en este sentido.<\/li>\n<li>Disponer de recursos econ\u00f3micos suficientes para la persona y los miembros de su familia durante su per\u00edodo de residencia en Espa\u00f1a.<\/li>\n<\/ul>\n<p><em>* Estos son solo los requisitos generales, cont\u00e1ctenos para obtener una lista detallada de los requisitos.<\/em>[\/vc_column_text][\/vc_column][\/vc_row][vc_row][vc_column][vc_column_text]<strong>Preguntas frecuentes:<\/strong><\/p>\n<p><strong><em>\u00bfPuedo conservar mi residencia fiscal fuera de Espa\u00f1a?<\/em><\/strong><\/p>\n<p><em>S\u00ed. El titular del permiso puede conservar su residencia fiscal fuera de Espa\u00f1a, siempre que permanezca en nuestro pa\u00eds por un per\u00edodo inferior a 183 d\u00edas al a\u00f1o. Adem\u00e1s, el permiso de residencia se puede renovar incluso con ausencias de m\u00e1s de seis meses al a\u00f1o.<\/em><em>\u00a0<\/em><\/p>\n<p><strong><em>\u00bfLa <span style=\"color: #d2b246; font-weight: 500;\">Visa<\/span> de Oro me autoriza a trabajar?<\/em><\/strong><\/p>\n<p><em>S\u00ed. La <span style=\"color: #d2b246; font-weight: 500;\">Visa<\/span> de Oro autoriza a vivir y trabajar en Espa\u00f1a. Esto se deriva de la Cuarta Disposici\u00f3n Adicional de la Ley, que establece un solo procedimiento para solicitar un permiso de autorizaci\u00f3n para vivir y trabajar.<\/em><\/p>\n<p><strong><em>\u00bfSon los \u20ac 500.000 euros por peticionario o por solicitud?<\/em><\/strong><\/p>\n<p><em>Por peticionario, pero tambi\u00e9n puede incluir a sus familiares, quienes pueden solicitar la autorizaci\u00f3n de manera conjunta y simult\u00e1nea o sucesiva y, en su caso, la <span style=\"color: #d2b246; font-weight: 500;\">Visa<\/span>. Sin embargo, tienen que cumplir con los requisitos generales y probar el v\u00ednculo de la relaci\u00f3n a trav\u00e9s de sus certificados correspondientes.<\/em>[\/vc_column_text][\/vc_column][\/vc_row]<\/p>\n","protected":false},"excerpt":{"rendered":"<p>[vc_row][vc_column][vc_column_text]\u00bfQu\u00e9 es una Golden Visa? En 2013, Espa\u00f1a introdujo un nuevo tipo de Visa y permiso de residencia para los inversores conocida como GOLDEN Visa. El prop\u00f3sito principal de esto fue fomentar las inversiones en Espa\u00f1a por parte de extranjeros que no son ciudadanos de la Uni\u00f3n Europea. &nbsp; Beneficios de una Golden Visa: Se&#8230;<\/p>\n","protected":false},"author":1,"featured_media":0,"parent":0,"menu_order":0,"comment_status":"closed","ping_status":"closed","template":"templates\/full-width.php","meta":[],"aioseo_notices":[],"_links":{"self":[{"href":"https:\/\/www.costadelsol-mallorca.com\/es\/wp-json\/wp\/v2\/pages\/6500"}],"collection":[{"href":"https:\/\/www.costadelsol-mallorca.com\/es\/wp-json\/wp\/v2\/pages"}],"about":[{"href":"https:\/\/www.costadelsol-mallorca.com\/es\/wp-json\/wp\/v2\/types\/page"}],"author":[{"embeddable":true,"href":"https:\/\/www.costadelsol-mallorca.com\/es\/wp-json\/wp\/v2\/users\/1"}],"replies":[{"embeddable":true,"href":"https:\/\/www.costadelsol-mallorca.com\/es\/wp-json\/wp\/v2\/comments?post=6500"}],"version-history":[{"count":12,"href":"https:\/\/www.costadelsol-mallorca.com\/es\/wp-json\/wp\/v2\/pages\/6500\/revisions"}],"predecessor-version":[{"id":6562,"href":"https:\/\/www.costadelsol-mallorca.com\/es\/wp-json\/wp\/v2\/pages\/6500\/revisions\/6562"}],"wp:attachment":[{"href":"https:\/\/www.costadelsol-mallorca.com\/es\/wp-json\/wp\/v2\/media?parent=6500"}],"curies":[{"name":"wp","href":"https:\/\/api.w.org\/{rel}","templated":true}]}}