{"id":6520,"date":"2018-08-03T11:33:11","date_gmt":"2018-08-03T09:33:11","guid":{"rendered":"https:\/\/www.costadelsol-mallorca.com\/privacypolicy\/"},"modified":"2019-06-10T13:28:57","modified_gmt":"2019-06-10T11:28:57","slug":"politica-de-privacidad","status":"publish","type":"page","link":"https:\/\/www.costadelsol-mallorca.com\/es\/politica-de-privacidad\/","title":{"rendered":"Pol\u00edtica de privacidad"},"content":{"rendered":"<p><strong>1.Responsable<\/strong><br \/>\n\u00bfQui\u00e9n es responsable de procesar sus datos?<\/p>\n<p>Propietario: <strong>DYROMO TRADE, S.L.<\/strong><br \/>\nNombre comercial: <strong>RO Spain Real Estate<\/strong><br \/>\nC.I.F: <strong>B-54875042<\/strong><br \/>\nDirecci\u00f3n: <strong>C \/ Reyes Cat\u00f3licos n\u00ba 29, 4\u00ba A -03003- Alicante.<\/strong><br \/>\nTel\u00e9fono: <strong>966276923<\/strong><br \/>\nCorreo electr\u00f3nico: <strong>lopd@ro-spain.com<\/strong><\/p>\n<p><strong>2.PROP\u00d3SITOS<\/strong><br \/>\n\u00bfCon qu\u00e9 prop\u00f3sito tratamos sus datos personales?<\/p>\n<p>De acuerdo con las disposiciones del Reglamento Europeo 2016\/679 de Protecci\u00f3n General de Datos, le informamos que si usted es un usuario, en Dyromo Trade, S.L .. tratamos los datos que nos proporciona para los siguientes fines:<\/p>\n<p>Env\u00ede sus notificaciones y ofertas para informarle sobre nuestros productos y servicios. Puede oponerse a este tipo de comunicaci\u00f3n en cualquier momento a trav\u00e9s de los enlaces que encontrar\u00e1 en cada correo electr\u00f3nico.<br \/>\nPara evitar abusos y fraudes en el uso de nuestros servicios (por ejemplo, actividades fraudulentas, ataques de denegaci\u00f3n de servicio, env\u00edo de spam, entre otros).<br \/>\nProporcionar datos a las agencias y autoridades gubernamentales, siempre que sean requeridos de acuerdo con las disposiciones legales y reglamentarias.<\/p>\n<p><strong>3.Periodo de retenci\u00f3n de los datos.<\/strong><br \/>\n\u00bfCu\u00e1nto tiempo conservamos sus datos?<\/p>\n<p>Sus datos se almacenan durante la relaci\u00f3n contractual y comercial con nosotros, solicitando su eliminaci\u00f3n, as\u00ed como el tiempo requerido para cumplir con las obligaciones legales.<\/p>\n<p><strong>4.Identificaci\u00f3n<\/strong><br \/>\n\u00bfCu\u00e1l es la legitimidad para el manejo de sus datos?<\/p>\n<p>La base legal para el tratamiento de sus datos radica en:<\/p>\n<p>El consentimiento del usuario con respecto a los fines indicados en la secci\u00f3n 2 anterior.<br \/>\nEl inter\u00e9s leg\u00edtimo del controlador para el prop\u00f3sito indicado en la parte 2 anterior.<br \/>\nCumplimiento de las obligaciones legales aplicables a Dyromo Trade, S.L. para los fines indicados en el apartado 2.<br \/>\nLey aplicable y jurisdicci\u00f3n<\/p>\n<p>El presente aviso legal y sus consecuencias se regir\u00e1n en todo caso por la legislaci\u00f3n espa\u00f1ola vigente en todo momento.<\/p>\n<p><strong>5.Destinatarios<\/strong><br \/>\n\u00bfA qu\u00e9 destinatarios se comunican sus datos?<\/p>\n<p>Su informaci\u00f3n personal no ser\u00e1 transferida a terceros, excepto en los siguientes casos:<\/p>\n<p>Sus datos personales pueden ser transferidos a las autoridades competentes en los casos en que exista una obligaci\u00f3n legal.<\/p>\n<p><strong>6.Los derechos<\/strong><br \/>\n\u00bfCu\u00e1les son sus derechos cuando nos proporciona su informaci\u00f3n y c\u00f3mo puede ejercerla?<\/p>\n<p>Tiene derecho a recibir confirmaci\u00f3n sobre si Dyromo Trade, S.L. Tratamos la informaci\u00f3n personal que es relevante para usted o no.<\/p>\n<p>Tambi\u00e9n tiene derecho a acceder a sus datos personales y a la correcci\u00f3n de datos incorrectos o, cuando corresponda, a la solicitud de eliminaci\u00f3n cuando, entre otras razones, los datos que ya no sean necesarios para los fines para los que se recopilaron.<\/p>\n<p>En ciertas circunstancias, puede solicitar la limitaci\u00f3n del procesamiento de sus datos, en cuyo caso solo lo guardaremos para el ejercicio o la defensa de reclamos.<\/p>\n<p>Adem\u00e1s, puede objetar el procesamiento de sus datos en determinadas circunstancias y por motivos relacionados con su situaci\u00f3n espec\u00edfica. Dyromo Trade, S.L. dejar\u00e1 de procesar los datos, excepto por razones leg\u00edtimas convincentes, o el ejercicio o la defensa de posibles reclamaciones.<\/p>\n<p>Tambi\u00e9n puede ejercer el derecho de revocar la portabilidad de datos y los permisos provistos en cualquier momento sin afectar la legalidad del procesamiento en funci\u00f3n del consentimiento para su retiro.<\/p>\n<p>Dyromo Trade, S.L. se reserva el derecho de ajustar su pol\u00edtica de privacidad a sus criterios, o a un cambio en la legislaci\u00f3n, la jurisprudencia o la pr\u00e1ctica comercial. S\u00ed Dyromo Trade, S.L. Al introducir un cambio, el nuevo texto se publicar\u00e1 en este mismo sitio web, donde el usuario conoce la pol\u00edtica de privacidad actual de http:\/\/www.easyrentcostablanca.com.<\/p>\n<p>Si desea utilizar uno de sus derechos, puede contactarnos enviando una carta certificada o equivalente que proporcione un comprobante de recibo, junto con una copia de su documento de identidad (o identificaci\u00f3n escaneada como electr\u00f3nica) a la direcci\u00f3n C Reyes Catolicos 29, 4 A CP 03003 (Alicante) o en la direcci\u00f3n de correo electr\u00f3nico lopd@ro-spain.com<\/p>\n<p>Finalmente, le informamos que puede ponerse en contacto con la agencia espa\u00f1ola de protecci\u00f3n de datos y otras autoridades p\u00fablicas competentes para cualquier reclamaci\u00f3n que surja del procesamiento de sus datos personales.<\/p>\n","protected":false},"excerpt":{"rendered":"<p>1.Responsable \u00bfQui\u00e9n es responsable de procesar sus datos? Propietario: DYROMO TRADE, S.L. Nombre comercial: RO Spain Real Estate C.I.F: B-54875042 Direcci\u00f3n: C \/ Reyes Cat\u00f3licos n\u00ba 29, 4\u00ba A -03003- Alicante. Tel\u00e9fono: 966276923 Correo electr\u00f3nico: lopd@ro-spain.com 2.PROP\u00d3SITOS \u00bfCon qu\u00e9 prop\u00f3sito tratamos sus datos personales? De acuerdo con las disposiciones del Reglamento Europeo 2016\/679 de Protecci\u00f3n&#8230;<\/p>\n","protected":false},"author":1,"featured_media":0,"parent":0,"menu_order":0,"comment_status":"closed","ping_status":"closed","template":"","meta":{"footnotes":""},"class_list":["post-6520","page","type-page","status-publish","hentry"],"aioseo_notices":[],"_links":{"self":[{"href":"https:\/\/www.costadelsol-mallorca.com\/es\/wp-json\/wp\/v2\/pages\/6520","targetHints":{"allow":["GET"]}}],"collection":[{"href":"https:\/\/www.costadelsol-mallorca.com\/es\/wp-json\/wp\/v2\/pages"}],"about":[{"href":"https:\/\/www.costadelsol-mallorca.com\/es\/wp-json\/wp\/v2\/types\/page"}],"author":[{"embeddable":true,"href":"https:\/\/www.costadelsol-mallorca.com\/es\/wp-json\/wp\/v2\/users\/1"}],"replies":[{"embeddable":true,"href":"https:\/\/www.costadelsol-mallorca.com\/es\/wp-json\/wp\/v2\/comments?post=6520"}],"version-history":[{"count":4,"href":"https:\/\/www.costadelsol-mallorca.com\/es\/wp-json\/wp\/v2\/pages\/6520\/revisions"}],"predecessor-version":[{"id":6561,"href":"https:\/\/www.costadelsol-mallorca.com\/es\/wp-json\/wp\/v2\/pages\/6520\/revisions\/6561"}],"wp:attachment":[{"href":"https:\/\/www.costadelsol-mallorca.com\/es\/wp-json\/wp\/v2\/media?parent=6520"}],"curies":[{"name":"wp","href":"https:\/\/api.w.org\/{rel}","templated":true}]}}