{"id":106483,"date":"2023-02-09T09:24:46","date_gmt":"2023-02-09T08:24:46","guid":{"rendered":"https:\/\/www.costadelsol-mallorca.com\/?page_id=106483"},"modified":"2023-02-09T09:24:46","modified_gmt":"2023-02-09T08:24:46","slug":"benalmadena","status":"publish","type":"page","link":"https:\/\/www.costadelsol-mallorca.com\/pl\/okolica\/benalmadena\/","title":{"rendered":"Benalm\u00e1dena"},"content":{"rendered":"<p>[vc_row][vc_column css_animation=&#8221;none&#8221;][vc_column_text]Benalm\u00e1dena to jedno z najpi\u0119kniejszych i najbardziej popularnych destynacji na wybrze\u017cu Costa del Sol. Idealne miejsce, aby cieszy\u0107 si\u0119 spokojnym \u017cyciem, jednocze\u015bnie posiadaj\u0105c w zasi\u0119gu r\u0119ki liczne atrakcje, kt\u00f3re podkre\u015blaj\u0105 jego pi\u0119kno.<\/p>\n<p><img loading=\"lazy\" class=\"alignright\" src=\"https:\/\/www.costadelsol-mallorca.com\/wp-content\/uploads\/2023\/02\/Benalmadena2.jpg\" alt=\"\" width=\"500\" height=\"500\" \/><\/p>\n<p>Puerto Marina, kt\u00f3ra od czasu swojej inauguracji nie przestaje by\u0107 chwalona za sw\u00f3j innowacyjny projekt; typowe stare andaluzyjskie miasto, kolejka linowa, z kt\u00f3rej mo\u017cna podziwia\u0107 imponuj\u0105ce widoki, i ponad 20 kilometr\u00f3w linii brzegowej z piaszczystymi pla\u017cami. Historia i kultura nie s\u0105 daleko w tyle: Stupa Iluminacji, najwi\u0119ksza \u015bwi\u0105tynia buddyjska na Zachodzie, to kolejna obowi\u0105zkowa atrakcja w Benalm\u00e1dena. Kolejn\u0105 z ciekawostek jest zamek Castillo de Colomares, nowoczesne dzie\u0142o po\u015bwi\u0119cone odkryciu Ameryki i Krzysztofowi Kolumbowi.<br \/>\nGmina jest obecnie jedn\u0105 z g\u0142\u00f3wnych atrakcji turystycznych. Po\u0142o\u017cona zaledwie 16 kilometr\u00f3w od stolicy wojew\u00f3dztwa, jest si\u00f3dm\u0105 gmin\u0105 pod wzgl\u0119dem liczby ludno\u015bci. Powy\u017csze aspekty s\u0105 dodatkiem do niesamowitego klimatu, jaki spotkamy w tym rejonie, opr\u00f3cz szerokiej oferty gastronomicznej i rekreacyjnej.[\/vc_column_text][\/vc_column][\/vc_row][vc_row][vc_column][vc_column_text]<\/p>\n<h3>Costa del Sol:<\/h3>\n<p>[\/vc_column_text]<div class=\"inspiry-message\"><strong>Result:<\/strong> <span>No Properties Found!<\/span><\/div><div class='ere_pagination_wrapper'><div class='pagination ere-pagination-clean'><\/div><\/div><\/div><\/div>[\/vc_column][\/vc_row]<\/p>\n","protected":false},"excerpt":{"rendered":"<p>[vc_row][vc_column css_animation=&#8221;none&#8221;][vc_column_text]Benalm\u00e1dena to jedno z najpi\u0119kniejszych i najbardziej popularnych destynacji na wybrze\u017cu Costa del Sol. Idealne miejsce, aby cieszy\u0107 si\u0119 spokojnym \u017cyciem, jednocze\u015bnie posiadaj\u0105c w zasi\u0119gu r\u0119ki liczne atrakcje, kt\u00f3re podkre\u015blaj\u0105 jego pi\u0119kno. Puerto Marina, kt\u00f3ra od czasu swojej inauguracji nie przestaje by\u0107 chwalona za sw\u00f3j innowacyjny projekt; typowe stare andaluzyjskie miasto, kolejka linowa, z&#8230;<\/p>\n","protected":false},"author":1,"featured_media":0,"parent":7198,"menu_order":0,"comment_status":"closed","ping_status":"closed","template":"templates\/full-width.php","meta":[],"aioseo_notices":[],"_links":{"self":[{"href":"https:\/\/www.costadelsol-mallorca.com\/pl\/wp-json\/wp\/v2\/pages\/106483"}],"collection":[{"href":"https:\/\/www.costadelsol-mallorca.com\/pl\/wp-json\/wp\/v2\/pages"}],"about":[{"href":"https:\/\/www.costadelsol-mallorca.com\/pl\/wp-json\/wp\/v2\/types\/page"}],"author":[{"embeddable":true,"href":"https:\/\/www.costadelsol-mallorca.com\/pl\/wp-json\/wp\/v2\/users\/1"}],"replies":[{"embeddable":true,"href":"https:\/\/www.costadelsol-mallorca.com\/pl\/wp-json\/wp\/v2\/comments?post=106483"}],"version-history":[{"count":2,"href":"https:\/\/www.costadelsol-mallorca.com\/pl\/wp-json\/wp\/v2\/pages\/106483\/revisions"}],"predecessor-version":[{"id":106490,"href":"https:\/\/www.costadelsol-mallorca.com\/pl\/wp-json\/wp\/v2\/pages\/106483\/revisions\/106490"}],"up":[{"embeddable":true,"href":"https:\/\/www.costadelsol-mallorca.com\/pl\/wp-json\/wp\/v2\/pages\/7198"}],"wp:attachment":[{"href":"https:\/\/www.costadelsol-mallorca.com\/pl\/wp-json\/wp\/v2\/media?parent=106483"}],"curies":[{"name":"wp","href":"https:\/\/api.w.org\/{rel}","templated":true}]}}