{"id":14210,"date":"2020-05-05T10:10:40","date_gmt":"2020-05-05T08:10:40","guid":{"rendered":"https:\/\/www.costadelsol-mallorca.com\/save-the-date\/"},"modified":"2021-09-22T13:27:25","modified_gmt":"2021-09-22T11:27:25","slug":"zapisz-date","status":"publish","type":"page","link":"https:\/\/www.costadelsol-mallorca.com\/pl\/zapisz-date\/","title":{"rendered":"Zarezerwuj termin"},"content":{"rendered":"<p>[vc_row][vc_column][vc_row_inner][vc_column_inner width=&#8221;2\/3&#8243;][vc_column_text]<strong>RO Spain Real Estate<\/strong>\u00a0serdecznie zaprasza na spotkanie i rozmow\u0119 informacyjn\u0105 podczas\u00a0<strong>Targ\u00f3w Mieszka\u0144 i Dom\u00f3w.\u00a0<\/strong><\/p>\n<p>Pomo\u017cemy znale\u017a\u0107 Ci mieszkanie marze\u0144!<\/p>\n<p>Zapraszamy na targi:<\/p>\n<p><strong>Krak\u00f3w\u00a0<\/strong><br \/>\n25-26 wrze\u015bnia 2021 r.<br \/>\nHala\u00a0Expo Krak\u00f3w<br \/>\nul. Galicyjska 9, 31-586 Krak\u00f3w<br \/>\n<u>Stoisko nr E6<\/u><\/p>\n<p><strong>Wroc\u0142aw<\/strong><br \/>\n16-17 pa\u017adziernika 2021 r.<br \/>\nHala Stulecia<br \/>\nul. Wystawowa 1,\u00a051-618 Wroc\u0142aw<br \/>\n<u>Stoisko nr F4<\/u><\/p>\n<p>Mamy nadziej\u0119, \u017ce wkr\u00f3tce zobaczymy si\u0119 na targach lub powitamy Ci\u0119 w Hiszpanii.<\/p>\n<p>Czekamy z niecierpliwo\u015bci\u0105 na Twoj\u0105 wizyt\u0119.<\/p>\n<p>Hasta luego!<\/p>\n<p><strong>Zesp\u00f3\u0142 RO Spain Real Estate<\/strong>[\/vc_column_text][\/vc_column_inner][vc_column_inner width=&#8221;1\/3&#8243;][vc_single_image image=&#8221;30796&#8243; img_size=&#8221;full&#8221; alignment=&#8221;center&#8221;][vc_single_image image=&#8221;30800&#8243; img_size=&#8221;full&#8221; alignment=&#8221;center&#8221;][\/vc_column_inner][\/vc_row_inner][vc_separator][\/vc_column][\/vc_row]<\/p>\n","protected":false},"excerpt":{"rendered":"<p>[vc_row][vc_column][vc_row_inner][vc_column_inner width=&#8221;2\/3&#8243;][vc_column_text]RO Spain Real Estate\u00a0serdecznie zaprasza na spotkanie i rozmow\u0119 informacyjn\u0105 podczas\u00a0Targ\u00f3w Mieszka\u0144 i Dom\u00f3w.\u00a0 Pomo\u017cemy znale\u017a\u0107 Ci mieszkanie marze\u0144! Zapraszamy na targi: Krak\u00f3w\u00a0 25-26 wrze\u015bnia 2021 r. Hala\u00a0Expo Krak\u00f3w ul. Galicyjska 9, 31-586 Krak\u00f3w Stoisko nr E6 Wroc\u0142aw 16-17 pa\u017adziernika 2021 r. Hala Stulecia ul. Wystawowa 1,\u00a051-618 Wroc\u0142aw Stoisko nr F4 Mamy nadziej\u0119, \u017ce&#8230;<\/p>\n","protected":false},"author":1,"featured_media":0,"parent":0,"menu_order":0,"comment_status":"closed","ping_status":"closed","template":"templates\/full-width.php","meta":[],"aioseo_notices":[],"_links":{"self":[{"href":"https:\/\/www.costadelsol-mallorca.com\/pl\/wp-json\/wp\/v2\/pages\/14210"}],"collection":[{"href":"https:\/\/www.costadelsol-mallorca.com\/pl\/wp-json\/wp\/v2\/pages"}],"about":[{"href":"https:\/\/www.costadelsol-mallorca.com\/pl\/wp-json\/wp\/v2\/types\/page"}],"author":[{"embeddable":true,"href":"https:\/\/www.costadelsol-mallorca.com\/pl\/wp-json\/wp\/v2\/users\/1"}],"replies":[{"embeddable":true,"href":"https:\/\/www.costadelsol-mallorca.com\/pl\/wp-json\/wp\/v2\/comments?post=14210"}],"version-history":[{"count":5,"href":"https:\/\/www.costadelsol-mallorca.com\/pl\/wp-json\/wp\/v2\/pages\/14210\/revisions"}],"predecessor-version":[{"id":30804,"href":"https:\/\/www.costadelsol-mallorca.com\/pl\/wp-json\/wp\/v2\/pages\/14210\/revisions\/30804"}],"wp:attachment":[{"href":"https:\/\/www.costadelsol-mallorca.com\/pl\/wp-json\/wp\/v2\/media?parent=14210"}],"curies":[{"name":"wp","href":"https:\/\/api.w.org\/{rel}","templated":true}]}}