{"id":7171,"date":"2018-07-17T11:23:54","date_gmt":"2018-07-17T09:23:54","guid":{"rendered":"https:\/\/www.costadelsol-mallorca.com\/home\/"},"modified":"2022-08-27T13:20:48","modified_gmt":"2022-08-27T11:20:48","slug":"home","status":"publish","type":"page","link":"https:\/\/www.costadelsol-mallorca.com\/pl\/","title":{"rendered":"Nieruchomo\u015bci"},"content":{"rendered":"<p>[vc_row][vc_column][vc_column_text]<div id=\"sp-testimonial-free-wrapper-14075\" class=\"sp-testimonial-free-wrapper\"><div id=\"sp-testimonial-free-14075\" class=\"sp-testimonial-free-section tfree-style-theme-one\" dir=\"ltr\" data-preloader=\"\" data-slick='{\"dots\": false, \"adaptiveHeight\": false, \"pauseOnHover\": true, \"slidesToShow\": 2, \"speed\": 1000, \"arrows\": true, \"autoplay\": true, \"autoplaySpeed\": 4000, \"swipe\": true, \"swipeToSlide\": false, \"draggable\": true, \"rtl\": false, \"infinite\": false, \"responsive\": [{\"breakpoint\": 1280, \"settings\": { \"slidesToShow\": 2 }},{\"breakpoint\": 980, \"settings\": { \"slidesToShow\": 1 }},{\"breakpoint\": 736, \"settings\": { \"slidesToShow\": 1 }},{\"breakpoint\": 480, \"settings\": {\"slidesToShow\": 1,\"dots\": false,\"arrows\": true,\"autoplay\": true}}] }'><div class=\"sp-testimonial-item\"><div class=\"sp-testimonial-free\"><div class=\"sp-testimonial-client-image\"><img width=\"120\" height=\"74\" src=\"https:\/\/www.costadelsol-mallorca.com\/wp-content\/uploads\/2018\/08\/Peter-en-Ming.jpg\" class=\"tfree-client-image wp-post-image\" alt=\"\" loading=\"lazy\" \/><\/div><div class=\"sp-testimonial-title\"><h3 class=\"sp-testimonial-post-title\">Ming &#038; Peter<\/h3><\/div><div class=\"sp-testimonial-client-testimonial\"><div class=\"sp-testimonial-content\"><p>Przez d\u0142ugi czas marzyli\u015bmy o posiadaniu wiejskiego domu lub mieszkania w pobli\u017cu s\u0142onecznej pla\u017cy w Hiszpanii. To marzenie sta\u0142o si\u0119 mo\u017cliwe, gdy dzi\u0119ki naszemu koledze skontaktowali\u015bmy si\u0119 z Robertem Openneer.<\/p><p><a href=\"https:\/\/www.costadelsol-mallorca.com\/pl\/ming-peter\/\">Czytaj dalej<\/a><\/p><\/div><\/div><h4 class=\"sp-testimonial-client-name\">Ming &amp; Peter<\/h4><div class=\"sp-testimonial-client-rating\"><i class=\"fa fa-star\" aria-hidden=\"true\"><\/i><i class=\"fa fa-star\" aria-hidden=\"true\"><\/i><i class=\"fa fa-star\" aria-hidden=\"true\"><\/i><i class=\"fa fa-star\" aria-hidden=\"true\"><\/i><i class=\"fa fa-star\" aria-hidden=\"true\"><\/i><\/div><\/div> <\/div> <div class=\"sp-testimonial-item\"><div class=\"sp-testimonial-free\"><div class=\"sp-testimonial-client-image\"><img width=\"120\" height=\"90\" src=\"https:\/\/www.costadelsol-mallorca.com\/wp-content\/uploads\/2018\/08\/vanthillo.jpg\" class=\"tfree-client-image wp-post-image\" alt=\"\" loading=\"lazy\" \/><\/div><div class=\"sp-testimonial-title\"><h3 class=\"sp-testimonial-post-title\">Maria &#038; Romain<\/h3><\/div><div class=\"sp-testimonial-client-testimonial\"><div class=\"sp-testimonial-content\"><p>Nasze do\u015bwiadczenie z RO Spain Real Estate zawsze b\u0119dzie przez nas mile wspominane. Po rozmowie z r\u00f3\u017cnymi agentami nieruchomo\u015bci to w\u0142a\u015bnie Pan Wim Borghmans skontaktowa\u0142 si\u0119 z nami jako pierwszy.<\/p><p><a href=\"https:\/\/www.costadelsol-mallorca.com\/pl\/maria-romain\/\">Czytaj dalej<\/a><\/p><\/div><\/div><h4 class=\"sp-testimonial-client-name\">Maria &amp; Romain<\/h4><div class=\"sp-testimonial-client-rating\"><i class=\"fa fa-star\" aria-hidden=\"true\"><\/i><i class=\"fa fa-star\" aria-hidden=\"true\"><\/i><i class=\"fa fa-star\" aria-hidden=\"true\"><\/i><i class=\"fa fa-star\" aria-hidden=\"true\"><\/i><i class=\"fa fa-star\" aria-hidden=\"true\"><\/i><\/div><\/div> <\/div> <div class=\"sp-testimonial-item\"><div class=\"sp-testimonial-free\"><div class=\"sp-testimonial-client-image\"><img width=\"90\" height=\"120\" src=\"https:\/\/www.costadelsol-mallorca.com\/wp-content\/uploads\/2018\/08\/morgan1.jpg\" class=\"tfree-client-image wp-post-image\" alt=\"\" loading=\"lazy\" \/><\/div><div class=\"sp-testimonial-title\"><h3 class=\"sp-testimonial-post-title\">Morgan, Reggy &#038; Zyan<\/h3><\/div><div class=\"sp-testimonial-client-testimonial\"><div class=\"sp-testimonial-content\"><p>Po kontaktowaniu si\u0119 z r\u00f3\u017cnymi agentami nieruchomo\u015bci w Hiszpanii w ko\u0144cu poznali\u015bmy Wima z RO-Spain. Zapozna\u0142 si\u0119 z naszymi oczekiwaniami i by\u0142 pewien, \u017ce znajdzie dla nas odpowiednie mieszkanie. I wiecie co? Zrobi\u0142 to!<\/p><p><a href=\"https:\/\/www.costadelsol-mallorca.com\/pl\/morgan\/\">Czytaj dalej<\/a><\/p><\/div><\/div><h4 class=\"sp-testimonial-client-name\">Morgan, Reggy &amp; Zyan<\/h4><div class=\"sp-testimonial-client-rating\"><i class=\"fa fa-star\" aria-hidden=\"true\"><\/i><i class=\"fa fa-star\" aria-hidden=\"true\"><\/i><i class=\"fa fa-star\" aria-hidden=\"true\"><\/i><i class=\"fa fa-star\" aria-hidden=\"true\"><\/i><i class=\"fa fa-star\" aria-hidden=\"true\"><\/i><\/div><\/div> <\/div> <div class=\"sp-testimonial-item\"><div class=\"sp-testimonial-free\"><div class=\"sp-testimonial-client-image\"><img width=\"120\" height=\"86\" src=\"https:\/\/www.costadelsol-mallorca.com\/wp-content\/uploads\/2018\/11\/621a2.jpg\" class=\"tfree-client-image wp-post-image\" alt=\"\" loading=\"lazy\" \/><\/div><div class=\"sp-testimonial-title\"><h3 class=\"sp-testimonial-post-title\">Peter &#038; Mari\u00ebtte<\/h3><\/div><div class=\"sp-testimonial-client-testimonial\"><div class=\"sp-testimonial-content\"><p>Wij zijn Peter en Mari\u00ebtte en hebben een schitterend appartement gevonden in Villamartin, Costa Blanca Zuid.<\/p><p><a href=\"https:\/\/www.costadelsol-mallorca.com\/pl\/peter-mariette\/\">Czytaj dalej<\/a><\/p><\/div><\/div><h4 class=\"sp-testimonial-client-name\">Peter &amp; Mari\u00ebtte<\/h4><div class=\"sp-testimonial-client-rating\"><i class=\"fa fa-star\" aria-hidden=\"true\"><\/i><i class=\"fa fa-star\" aria-hidden=\"true\"><\/i><i class=\"fa fa-star\" aria-hidden=\"true\"><\/i><i class=\"fa fa-star\" aria-hidden=\"true\"><\/i><i class=\"fa fa-star\" aria-hidden=\"true\"><\/i><\/div><\/div> <\/div> <div class=\"sp-testimonial-item\"><div class=\"sp-testimonial-free\"><div class=\"sp-testimonial-client-image\"><img width=\"120\" height=\"90\" src=\"https:\/\/www.costadelsol-mallorca.com\/wp-content\/uploads\/2018\/08\/IMG-20180823-WA0016.jpg\" class=\"tfree-client-image wp-post-image\" alt=\"\" loading=\"lazy\" \/><\/div><div class=\"sp-testimonial-title\"><h3 class=\"sp-testimonial-post-title\">Johan, Carine &#038; Mathijs<\/h3><\/div><div class=\"sp-testimonial-client-testimonial\"><div class=\"sp-testimonial-content\"><p>I nasze marzenie si\u0119 spe\u0142ni\u0142o&#8230; Po wielu latach poszukiwa\u0144, postanowili\u015bmy zrealizowa\u0107 nasze marzenie i wybrali\u015bmy si\u0119 do Utrecht na targi Secod Home Expo.<\/p><p><a href=\"https:\/\/www.costadelsol-mallorca.com\/pl\/johan-carine-mathijs\/\">Czytaj dalej<\/a><\/p><\/div><\/div><h4 class=\"sp-testimonial-client-name\">Johan, Carine &amp; Mathijs<\/h4><div class=\"sp-testimonial-client-rating\"><i class=\"fa fa-star\" aria-hidden=\"true\"><\/i><i class=\"fa fa-star\" aria-hidden=\"true\"><\/i><i class=\"fa fa-star\" aria-hidden=\"true\"><\/i><i class=\"fa fa-star\" aria-hidden=\"true\"><\/i><i class=\"fa fa-star\" aria-hidden=\"true\"><\/i><\/div><\/div> <\/div> <div class=\"sp-testimonial-item\"><div class=\"sp-testimonial-free\"><div class=\"sp-testimonial-client-image\"><img width=\"120\" height=\"90\" src=\"https:\/\/www.costadelsol-mallorca.com\/wp-content\/uploads\/2018\/09\/Ron_154734.jpg\" class=\"tfree-client-image wp-post-image\" alt=\"\" loading=\"lazy\" \/><\/div><div class=\"sp-testimonial-title\"><h3 class=\"sp-testimonial-post-title\">Ron &#038; Gerda<\/h3><\/div><div class=\"sp-testimonial-client-testimonial\"><div class=\"sp-testimonial-content\"><p>Po przej\u015bciu na emerytur\u0119 w ko\u0144cu znale\u017ali\u015bmy wymarzony dom w s\u0142onecznej Hiszpanii, niestety nie wiedzieli\u015bmy jakie kroki nale\u017cy podj\u0105\u0107, aby dokona\u0107 formalno\u015bci.<\/p><p><a href=\"https:\/\/www.costadelsol-mallorca.com\/pl\/ron-gerda\/\">Czytaj dalej<\/a><\/p><\/div><\/div><h4 class=\"sp-testimonial-client-name\">Ron &amp; Gerda<\/h4><div class=\"sp-testimonial-client-rating\"><i class=\"fa fa-star\" aria-hidden=\"true\"><\/i><i class=\"fa fa-star\" aria-hidden=\"true\"><\/i><i class=\"fa fa-star\" aria-hidden=\"true\"><\/i><i class=\"fa fa-star\" aria-hidden=\"true\"><\/i><i class=\"fa fa-star\" aria-hidden=\"true\"><\/i><\/div><\/div> <\/div> <div class=\"sp-testimonial-item\"><div class=\"sp-testimonial-free\"><div class=\"sp-testimonial-client-image\"><img width=\"120\" height=\"90\" src=\"https:\/\/www.costadelsol-mallorca.com\/wp-content\/uploads\/2018\/09\/16.40.28.jpeg\" class=\"tfree-client-image wp-post-image\" alt=\"\" loading=\"lazy\" \/><\/div><div class=\"sp-testimonial-title\"><h3 class=\"sp-testimonial-post-title\">Bo &#038; Mike<\/h3><\/div><div class=\"sp-testimonial-client-testimonial\"><div class=\"sp-testimonial-content\"><p>W 2017 roku zdecydowali\u015bmy si\u0119 na zakup mieszkania w centrum Alicante. Od pocz\u0105tku wiedzieli\u015bmy, \u017ce potrzebujemy agencji nieruchomo\u015bci, kt\u00f3ra jest ekspertem w tej dziedzinie.<\/p><p><a href=\"https:\/\/www.costadelsol-mallorca.com\/pl\/bo-mike\/\">Czytaj dalej<\/a><\/p><\/div><\/div><h4 class=\"sp-testimonial-client-name\">Bo &amp; Mike<\/h4><div class=\"sp-testimonial-client-rating\"><i class=\"fa fa-star\" aria-hidden=\"true\"><\/i><i class=\"fa fa-star\" aria-hidden=\"true\"><\/i><i class=\"fa fa-star\" aria-hidden=\"true\"><\/i><i class=\"fa fa-star\" aria-hidden=\"true\"><\/i><i class=\"fa fa-star\" aria-hidden=\"true\"><\/i><\/div><\/div> <\/div> <\/div><\/div>\n<h1>Kup dom na Costa Blanca<\/h1>\n<p>Costa Blanca le\u017cy na wschodnim wybrze\u017cu Hiszpanii i jest cz\u0119\u015bci\u0105 Comunidad Valenciana. Rozci\u0105ga si\u0119 na p\u00f3\u0142noc mi\u0119dzy Deni\u0105 i Torrevieja na po\u0142udnie na \u0142\u0105czn\u0105 d\u0142ugo\u015b\u0107 251 km. To wybrze\u017ce z pi\u0119knymi z\u0142otymi pla\u017cami i os\u0142oni\u0119tymi zatokami. Nazwa Costa Blanca nie pochodzi od s\u0142ynnych pla\u017c, lecz od bia\u0142ych kwitn\u0105cych drzew. Linia brzegowa i bia\u0142e piaszczyste pla\u017ce poprzecinane wysokimi klifami morskimi, tworz\u0105ca dobrze prosperuj\u0105c\u0105 ca\u0142o\u015b\u0107.<\/p>\n<h2>Chcesz kupi\u0107 dom na Costa Blanca? RO-Spain jest Twoim agentem nieruchomo\u015bci!<\/h2>\n<p>Costa Blanca ma \u0142agodny klimat. W letnich miesi\u0105cach \u015brednio 25 stopni Celsjusza, a zim\u0105 \u015brednio 10 stopni Celsjusza. S\u0142o\u0144ce \u015bwieci intensywnie na Costa Blanca przez ponad 300 dni w roku. W tym obszarze panuje bardzo niska wilgotno\u015b\u0107. Najwi\u0119cej opad\u00f3w przypada na wiosn\u0119 i zim\u0119. Zim\u0105 na obszarach g\u00f3rskich powy\u017cej 1500 metr\u00f3w mo\u017ce nawet pojawi\u0107 si\u0119 \u015bnieg. Dzi\u0119ki temu wspania\u0142emu klimatowi z \u0142agodnymi zimami i nisk\u0105 wilgotno\u015bci\u0105 powietrza Costa Blanca jest idealna dla os\u00f3b z problemami stawowymi, artretyzmem i innymi zaburzeniami. Ze wzgl\u0119du na ten mikroklimat i s\u0142one jeziora na po\u0142udniu Costa Blanca, ten pi\u0119kny kawa\u0142ek ziemi znajduje si\u0119 na li\u015bcie 10 najzdrowszych miejsc na \u015bwiecie.[\/vc_column_text][\/vc_column][\/vc_row][vc_row el_class=&#8221;logoshome&#8221;][vc_column][vc_column_text]<\/p>\n\n\t\t<style type=\"text\/css\">\n\t\t\t#gallery-1 {\n\t\t\t\tmargin: auto;\n\t\t\t}\n\t\t\t#gallery-1 .gallery-item {\n\t\t\t\tfloat: left;\n\t\t\t\tmargin-top: 10px;\n\t\t\t\ttext-align: center;\n\t\t\t\twidth: 16%;\n\t\t\t}\n\t\t\t#gallery-1 img {\n\t\t\t\tborder: 2px solid #cfcfcf;\n\t\t\t}\n\t\t\t#gallery-1 .gallery-caption {\n\t\t\t\tmargin-left: 0;\n\t\t\t}\n\t\t\t\/* see gallery_shortcode() in wp-includes\/media.php *\/\n\t\t<\/style>\n\t\t<div id='gallery-1' class='gallery galleryid-14083 gallery-columns-6 gallery-size-full'><dl class='gallery-item'>\n\t\t\t<dt class='gallery-icon landscape'>\n\t\t\t\t<img width=\"200\" height=\"141\" src=\"https:\/\/www.costadelsol-mallorca.com\/wp-content\/uploads\/2020\/06\/logo1.png\" class=\"attachment-full size-full\" alt=\"\" loading=\"lazy\" srcset=\"https:\/\/www.costadelsol-mallorca.com\/wp-content\/uploads\/2020\/06\/logo1.png 200w, https:\/\/www.costadelsol-mallorca.com\/wp-content\/uploads\/2020\/06\/logo1-150x106.png 150w\" sizes=\"(max-width: 200px) 100vw, 200px\" \/>\n\t\t\t<\/dt><\/dl><dl class='gallery-item'>\n\t\t\t<dt class='gallery-icon landscape'>\n\t\t\t\t<img width=\"200\" height=\"141\" src=\"https:\/\/www.costadelsol-mallorca.com\/wp-content\/uploads\/2020\/06\/logo2.png\" class=\"attachment-full size-full\" alt=\"\" loading=\"lazy\" srcset=\"https:\/\/www.costadelsol-mallorca.com\/wp-content\/uploads\/2020\/06\/logo2.png 200w, https:\/\/www.costadelsol-mallorca.com\/wp-content\/uploads\/2020\/06\/logo2-150x106.png 150w\" sizes=\"(max-width: 200px) 100vw, 200px\" \/>\n\t\t\t<\/dt><\/dl><dl class='gallery-item'>\n\t\t\t<dt class='gallery-icon landscape'>\n\t\t\t\t<img width=\"200\" height=\"141\" src=\"https:\/\/www.costadelsol-mallorca.com\/wp-content\/uploads\/2020\/06\/logo3.png\" class=\"attachment-full size-full\" alt=\"\" loading=\"lazy\" srcset=\"https:\/\/www.costadelsol-mallorca.com\/wp-content\/uploads\/2020\/06\/logo3.png 200w, https:\/\/www.costadelsol-mallorca.com\/wp-content\/uploads\/2020\/06\/logo3-150x106.png 150w\" sizes=\"(max-width: 200px) 100vw, 200px\" \/>\n\t\t\t<\/dt><\/dl><dl class='gallery-item'>\n\t\t\t<dt class='gallery-icon landscape'>\n\t\t\t\t<img width=\"200\" height=\"141\" src=\"https:\/\/www.costadelsol-mallorca.com\/wp-content\/uploads\/2020\/06\/logo4.png\" class=\"attachment-full size-full\" alt=\"\" loading=\"lazy\" srcset=\"https:\/\/www.costadelsol-mallorca.com\/wp-content\/uploads\/2020\/06\/logo4.png 200w, https:\/\/www.costadelsol-mallorca.com\/wp-content\/uploads\/2020\/06\/logo4-150x106.png 150w\" sizes=\"(max-width: 200px) 100vw, 200px\" \/>\n\t\t\t<\/dt><\/dl><dl class='gallery-item'>\n\t\t\t<dt class='gallery-icon landscape'>\n\t\t\t\t<img width=\"200\" height=\"141\" src=\"https:\/\/www.costadelsol-mallorca.com\/wp-content\/uploads\/2020\/06\/logo5.png\" class=\"attachment-full size-full\" alt=\"\" loading=\"lazy\" srcset=\"https:\/\/www.costadelsol-mallorca.com\/wp-content\/uploads\/2020\/06\/logo5.png 200w, https:\/\/www.costadelsol-mallorca.com\/wp-content\/uploads\/2020\/06\/logo5-150x106.png 150w\" sizes=\"(max-width: 200px) 100vw, 200px\" \/>\n\t\t\t<\/dt><\/dl><dl class='gallery-item'>\n\t\t\t<dt class='gallery-icon landscape'>\n\t\t\t\t<img width=\"200\" height=\"141\" src=\"https:\/\/www.costadelsol-mallorca.com\/wp-content\/uploads\/2020\/06\/logo6.png\" class=\"attachment-full size-full\" alt=\"\" loading=\"lazy\" srcset=\"https:\/\/www.costadelsol-mallorca.com\/wp-content\/uploads\/2020\/06\/logo6.png 200w, https:\/\/www.costadelsol-mallorca.com\/wp-content\/uploads\/2020\/06\/logo6-150x106.png 150w\" sizes=\"(max-width: 200px) 100vw, 200px\" \/>\n\t\t\t<\/dt><\/dl><br style=\"clear: both\" \/>\n\t\t<\/div>\n\n<p>[\/vc_column_text][\/vc_column][\/vc_row]<\/p>\n","protected":false},"excerpt":{"rendered":"<p>[vc_row][vc_column][vc_column_text] Kup dom na Costa Blanca Costa Blanca le\u017cy na wschodnim wybrze\u017cu Hiszpanii i jest cz\u0119\u015bci\u0105 Comunidad Valenciana. Rozci\u0105ga si\u0119 na p\u00f3\u0142noc mi\u0119dzy Deni\u0105 i Torrevieja na po\u0142udnie na \u0142\u0105czn\u0105 d\u0142ugo\u015b\u0107 251 km. To wybrze\u017ce z pi\u0119knymi z\u0142otymi pla\u017cami i os\u0142oni\u0119tymi zatokami. Nazwa Costa Blanca nie pochodzi od s\u0142ynnych pla\u017c, lecz od bia\u0142ych kwitn\u0105cych drzew&#8230;.<\/p>\n","protected":false},"author":1,"featured_media":0,"parent":0,"menu_order":0,"comment_status":"closed","ping_status":"closed","template":"templates\/list-layout.php","meta":[],"aioseo_notices":[],"_links":{"self":[{"href":"https:\/\/www.costadelsol-mallorca.com\/pl\/wp-json\/wp\/v2\/pages\/7171"}],"collection":[{"href":"https:\/\/www.costadelsol-mallorca.com\/pl\/wp-json\/wp\/v2\/pages"}],"about":[{"href":"https:\/\/www.costadelsol-mallorca.com\/pl\/wp-json\/wp\/v2\/types\/page"}],"author":[{"embeddable":true,"href":"https:\/\/www.costadelsol-mallorca.com\/pl\/wp-json\/wp\/v2\/users\/1"}],"replies":[{"embeddable":true,"href":"https:\/\/www.costadelsol-mallorca.com\/pl\/wp-json\/wp\/v2\/comments?post=7171"}],"version-history":[{"count":6,"href":"https:\/\/www.costadelsol-mallorca.com\/pl\/wp-json\/wp\/v2\/pages\/7171\/revisions"}],"predecessor-version":[{"id":15179,"href":"https:\/\/www.costadelsol-mallorca.com\/pl\/wp-json\/wp\/v2\/pages\/7171\/revisions\/15179"}],"wp:attachment":[{"href":"https:\/\/www.costadelsol-mallorca.com\/pl\/wp-json\/wp\/v2\/media?parent=7171"}],"curies":[{"name":"wp","href":"https:\/\/api.w.org\/{rel}","templated":true}]}}