{"id":7189,"date":"2018-07-13T12:41:13","date_gmt":"2018-07-13T10:41:13","guid":{"rendered":"https:\/\/www.costadelsol-mallorca.com\/our-services\/"},"modified":"2023-01-23T10:33:50","modified_gmt":"2023-01-23T09:33:50","slug":"nasze-uslugi","status":"publish","type":"page","link":"https:\/\/www.costadelsol-mallorca.com\/pl\/nasze-uslugi\/","title":{"rendered":"Nasze us\u0142ugi"},"content":{"rendered":"<div class=\"wpb-content-wrapper\"><p>[vc_row][vc_column][vc_column_text]RO Spain Real Estate to hiszpa\u0144ska firma pod holenderskim zarz\u0105dem, dzia\u0142aj\u0105ca od ponad 12 lat jako konsultant ds. Nieruchomo\u015bci w j\u0119zyku holenderskim i flamandzkim na Costa Blanca, Costa C\u00e1lida, Costa del Sol Mallorca.<\/p>\n<p>Nasze motto brzmi: Jako\u015b\u0107 nie musi by\u0107 droga.<\/p>\n<p>Wi\u0119kszo\u015b\u0107 obcokrajowc\u00f3w, kt\u00f3rzy przyje\u017cd\u017caj\u0105 do Hiszpanii, nie m\u00f3wi wystarczaj\u0105co dobrze po hiszpa\u0144sku i nie zna odpowiednich metod dzia\u0142ania, co mo\u017ce prowadzi\u0107 do nieprzyjemnych sytuacji.<\/p>\n<p>Czy wiesz, \u017ce w\u0142a\u015bciciele nieruchomo\u015bci w Hiszpanii, zar\u00f3wno mieszka\u0144cy, jak i nierezydenci, s\u0105 prawnie zobowi\u0105zani do corocznego sporz\u0105dzania raportu (Renta) w Hiszpanii i \u017ce musz\u0105 wyznaczy\u0107 przedstawiciela podatkowego? <a href=\"https:\/\/www.costadelsol-mallorca.com\/en\/your-tax-representative-in-spain\/\">(kliknij tutaj po wi\u0119cej informacji)<\/a><\/p>\n<p>Dbamy o wszystkie sprawy administracyjne w Hiszpanii.[\/vc_column_text][\/vc_column][\/vc_row][vc_row css_animation=&#8221;fadeInUp&#8221; css=&#8221;.vc_custom_1532334904709{border-bottom-width: 1px !important;border-bottom-color: #eeeeee !important;border-bottom-style: solid !important;}&#8221;][vc_column width=&#8221;1\/3&#8243;][vc_single_image image=&#8221;392&#8243; img_size=&#8221;full&#8221; alignment=&#8221;center&#8221; style=&#8221;vc_box_shadow_border&#8221; css_animation=&#8221;none&#8221;][\/vc_column][vc_column width=&#8221;2\/3&#8243;][vc_column_text]Powi\u0105zanie z mieszkaniem:<\/p>\n<ul>\n<li>Pomoc przy zakupie nieruchomo\u015bci w Hiszpanii.<\/li>\n<li>Pomoc w sprzeda\u017cy swojej firmy w Hiszpanii.<\/li>\n<\/ul>\n<p>[\/vc_column_text][\/vc_column][\/vc_row][vc_row css_animation=&#8221;fadeInUp&#8221; css=&#8221;.vc_custom_1532334911830{border-bottom-width: 1px !important;border-bottom-color: #eeeeee !important;border-bottom-style: solid !important;}&#8221;][vc_column width=&#8221;1\/3&#8243;][vc_single_image image=&#8221;400&#8243; img_size=&#8221;full&#8221; alignment=&#8221;center&#8221; style=&#8221;vc_box_shadow_border&#8221; css_animation=&#8221;none&#8221;][\/vc_column][vc_column width=&#8221;2\/3&#8243;][vc_column_text]<\/p>\n<h5>Sprawy podatkowe:<\/h5>\n<ul>\n<li>Pe\u0142nienie funkcji przedstawiciela podatkowego w Hiszpanii \u00a0<a href=\"https:\/\/www.costadelsol-mallorca.com\/pl\/twoj-przedstawiciel-podatkowy-w-hiszpanii\/\">(kliknij tutaj, aby uzyska\u0107 wi\u0119cej informacji)<\/a><\/li>\n<li>Deklaracja podatkowa \u00a0<a href=\"https:\/\/www.costadelsol-mallorca.com\/pl\/twoj-przedstawiciel-podatkowy-w-hiszpanii\/\">(kliknij tutaj, aby uzyska\u0107 wi\u0119cej informacji)<\/a><\/li>\n<li>Aplikacje N.I.E. (numer podatkowy dla obcokrajowc\u00f3w w Hiszpanii)<\/li>\n<li>Podatki w Hiszpanii (<a href=\"https:\/\/www.costadelsol-mallorca.com\/pl\/podatki-w-hiszpanii\/\">kliknij tutaj, aby uzyska\u0107 wi\u0119cej informacji<\/a>)<\/li>\n<\/ul>\n<p>[\/vc_column_text][\/vc_column][\/vc_row][vc_row css_animation=&#8221;fadeInUp&#8221; css=&#8221;.vc_custom_1532334920642{border-bottom-width: 1px !important;border-bottom-color: #eeeeee !important;border-bottom-style: solid !important;}&#8221;][vc_column width=&#8221;1\/3&#8243;][vc_single_image image=&#8221;394&#8243; img_size=&#8221;full&#8221; alignment=&#8221;center&#8221; style=&#8221;vc_box_shadow_border&#8221; css_animation=&#8221;none&#8221;][\/vc_column][vc_column width=&#8221;2\/3&#8243;][vc_column_text]<\/p>\n<h5>Sprawy budowlane:<\/h5>\n<ul>\n<li>Budynki mieszkalne i powierzchnie handlowe.<\/li>\n<li>Plan\/pomiar\/przegl\u0105d.<\/li>\n<\/ul>\n<p>[\/vc_column_text][\/vc_column][\/vc_row][vc_row css_animation=&#8221;fadeInUp&#8221; css=&#8221;.vc_custom_1532334928834{border-bottom-width: 1px !important;border-bottom-color: #eeeeee !important;border-bottom-style: solid !important;}&#8221;][vc_column width=&#8221;1\/3&#8243;][vc_single_image image=&#8221;396&#8243; img_size=&#8221;full&#8221; alignment=&#8221;center&#8221; style=&#8221;vc_box_shadow_border&#8221; css_animation=&#8221;none&#8221;][\/vc_column][vc_column width=&#8221;2\/3&#8243;][vc_column_text]<\/p>\n<h5>Sporz\u0105dzenie aktu notarialnego:<\/h5>\n<ul>\n<li>Pe\u0142nomocnictwo\/upowa\u017cnienie.<\/li>\n<li>Radzenie sobie ze spu\u015bcizn\u0105.<\/li>\n<li>Testament.<\/li>\n<\/ul>\n<p>[\/vc_column_text][\/vc_column][\/vc_row][vc_row css_animation=&#8221;fadeInUp&#8221;][vc_column width=&#8221;1\/3&#8243;][vc_single_image image=&#8221;398&#8243; img_size=&#8221;full&#8221; alignment=&#8221;center&#8221; style=&#8221;vc_box_shadow_border&#8221; css_animation=&#8221;none&#8221;][\/vc_column][vc_column width=&#8221;2\/3&#8243;][vc_column_text]<\/p>\n<h5>Inne us\u0142ugi:<\/h5>\n<ul>\n<li>T\u0142umaczenia (tak\u017ce w notariacie)<\/li>\n<li>Ubezpieczenia (wydatki strukturalne, medyczne, pogrzebowe, ubezpieczenia na \u017cycie itp.)<\/li>\n<\/ul>\n<p>[\/vc_column_text][\/vc_column][\/vc_row][vc_row css_animation=&#8221;fadeInUp&#8221;][vc_column][vc_column_text]Wszystkie powy\u017csze us\u0142ugi s\u0105 wykonywane przez pracownik\u00f3w naszego biura.<\/p>\n<p>W przypadku dalszych pyta\u0144 i \/ lub informacji prosimy o kontakt z nami.\u00a0<a href=\"https:\/\/www.costadelsol-mallorca.com\/pl\/kontakt\/\">KONTAKT<\/a>[\/vc_column_text][\/vc_column][\/vc_row]<\/p>\n<\/div>","protected":false},"excerpt":{"rendered":"<p>[vc_row][vc_column][vc_column_text]RO Spain Real Estate to hiszpa\u0144ska firma pod holenderskim zarz\u0105dem, dzia\u0142aj\u0105ca od ponad 12 lat jako konsultant ds. Nieruchomo\u015bci w j\u0119zyku holenderskim i flamandzkim na Costa Blanca, Costa C\u00e1lida, Costa del Sol Mallorca. Nasze motto brzmi: Jako\u015b\u0107 nie musi by\u0107 droga. Wi\u0119kszo\u015b\u0107 obcokrajowc\u00f3w, kt\u00f3rzy przyje\u017cd\u017caj\u0105 do Hiszpanii, nie m\u00f3wi wystarczaj\u0105co dobrze po hiszpa\u0144sku i nie&#8230;<\/p>\n","protected":false},"author":1,"featured_media":0,"parent":0,"menu_order":0,"comment_status":"closed","ping_status":"closed","template":"","meta":{"footnotes":""},"class_list":["post-7189","page","type-page","status-publish","hentry"],"aioseo_notices":[],"_links":{"self":[{"href":"https:\/\/www.costadelsol-mallorca.com\/pl\/wp-json\/wp\/v2\/pages\/7189","targetHints":{"allow":["GET"]}}],"collection":[{"href":"https:\/\/www.costadelsol-mallorca.com\/pl\/wp-json\/wp\/v2\/pages"}],"about":[{"href":"https:\/\/www.costadelsol-mallorca.com\/pl\/wp-json\/wp\/v2\/types\/page"}],"author":[{"embeddable":true,"href":"https:\/\/www.costadelsol-mallorca.com\/pl\/wp-json\/wp\/v2\/users\/1"}],"replies":[{"embeddable":true,"href":"https:\/\/www.costadelsol-mallorca.com\/pl\/wp-json\/wp\/v2\/comments?post=7189"}],"version-history":[{"count":9,"href":"https:\/\/www.costadelsol-mallorca.com\/pl\/wp-json\/wp\/v2\/pages\/7189\/revisions"}],"predecessor-version":[{"id":106466,"href":"https:\/\/www.costadelsol-mallorca.com\/pl\/wp-json\/wp\/v2\/pages\/7189\/revisions\/106466"}],"wp:attachment":[{"href":"https:\/\/www.costadelsol-mallorca.com\/pl\/wp-json\/wp\/v2\/media?parent=7189"}],"curies":[{"name":"wp","href":"https:\/\/api.w.org\/{rel}","templated":true}]}}