{"id":7208,"date":"2018-07-23T07:58:36","date_gmt":"2018-07-23T05:58:36","guid":{"rendered":"https:\/\/www.costadelsol-mallorca.com\/okolica\/costa-blanca\/"},"modified":"2022-11-24T10:02:58","modified_gmt":"2022-11-24T09:02:58","slug":"malaga","status":"publish","type":"page","link":"https:\/\/www.costadelsol-mallorca.com\/pl\/okolica\/malaga\/","title":{"rendered":"M\u00e1laga"},"content":{"rendered":"<div class=\"wpb-content-wrapper\"><p>[vc_row][vc_column css_animation=&#8221;none&#8221;][vc_column_text]Malaga, czyli stolica Costa del Sol, to miasto po\u0142o\u017cone w prowincji o tej samej nazwie, w autonomicznej wsp\u00f3lnocie Andaluzji. Z 570 000 mieszka\u0144c\u00f3w staje si\u0119 sz\u00f3stym miastem pod wzgl\u0119dem liczby mieszka\u0144c\u00f3w w Hiszpanii. Zar\u00f3wno Hiszpanie, jak i odwiedzaj\u0105cy j\u0105 obcokrajowcy s\u0105 zgodni co do jednego: Malaga jest pi\u0119kniejsza ni\u017c kiedykolwiek.<\/p>\n<p><img loading=\"lazy\" decoding=\"async\" class=\"alignright\" src=\"https:\/\/www.costadelsol-mallorca.com\/wp-content\/uploads\/2022\/11\/pwfjad-malaga-playa-el-palo-img.jpg\" alt=\"\" width=\"500\" height=\"500\" \/><\/p>\n<p>Do po\u0142\u0105czenia morza i g\u00f3r musimy doda\u0107 znacznie wi\u0119cej. T\u0119tni\u0105ca \u017cyciem atmosfera, liczne bary i restauracje, w kt\u00f3rych mo\u017cna zje\u015b\u0107 najlepsze szasz\u0142yki z sardynek i napi\u0107 si\u0119 s\u0142odkiego wina, imponuj\u0105ce naturalne krajobrazy, takie jak El Caminito del Rey, historyczne zak\u0105tki, Alcazaba, jedna z najwi\u0119kszych arabskich fortec w Andaluzji; jak i kulturowo. Jest to miasto, kt\u00f3re obj\u0119\u0142o prowadzenie jako jedno z miast z najlepszymi muzeami w Hiszpanii. Nic dziwnego, w ko\u0144cu m\u00f3wimy o Maladze Picassa.<\/p>\n<p>Je\u015bli chodzi o pla\u017ce, oferta jest bardzo bogata: mi\u0119dzy innymi La Malagueta, Pedregalejo, Huel\u00edn, La Misericordia. Niezale\u017cnie od tego, czy chcesz mieszka\u0107 na sta\u0142e, czy jako sw\u00f3j drugi dom, Malaga oferuje rado\u015b\u0107 i \u017cycie, a tak\u017ce niezliczone atrakcje i miejsca do odkrycia przez ca\u0142y rok.[\/vc_column_text][\/vc_column][\/vc_row][vc_row][vc_column][vc_column_text]<\/p>\n<h3>Costa del Sol:<\/h3>\n<p>[\/vc_column_text]<div class=\"inspiry-message\"><strong>Result:<\/strong> <span>No Properties Found!<\/span><\/div>[\/vc_column][\/vc_row]<\/p>\n<\/div>","protected":false},"excerpt":{"rendered":"<p>[vc_row][vc_column css_animation=&#8221;none&#8221;][vc_column_text]Malaga, czyli stolica Costa del Sol, to miasto po\u0142o\u017cone w prowincji o tej samej nazwie, w autonomicznej wsp\u00f3lnocie Andaluzji. Z 570 000 mieszka\u0144c\u00f3w staje si\u0119 sz\u00f3stym miastem pod wzgl\u0119dem liczby mieszka\u0144c\u00f3w w Hiszpanii. Zar\u00f3wno Hiszpanie, jak i odwiedzaj\u0105cy j\u0105 obcokrajowcy s\u0105 zgodni co do jednego: Malaga jest pi\u0119kniejsza ni\u017c kiedykolwiek. Do po\u0142\u0105czenia morza i&#8230;<\/p>\n","protected":false},"author":1,"featured_media":0,"parent":7198,"menu_order":0,"comment_status":"closed","ping_status":"closed","template":"","meta":{"footnotes":""},"class_list":["post-7208","page","type-page","status-publish","hentry"],"aioseo_notices":[],"_links":{"self":[{"href":"https:\/\/www.costadelsol-mallorca.com\/pl\/wp-json\/wp\/v2\/pages\/7208","targetHints":{"allow":["GET"]}}],"collection":[{"href":"https:\/\/www.costadelsol-mallorca.com\/pl\/wp-json\/wp\/v2\/pages"}],"about":[{"href":"https:\/\/www.costadelsol-mallorca.com\/pl\/wp-json\/wp\/v2\/types\/page"}],"author":[{"embeddable":true,"href":"https:\/\/www.costadelsol-mallorca.com\/pl\/wp-json\/wp\/v2\/users\/1"}],"replies":[{"embeddable":true,"href":"https:\/\/www.costadelsol-mallorca.com\/pl\/wp-json\/wp\/v2\/comments?post=7208"}],"version-history":[{"count":7,"href":"https:\/\/www.costadelsol-mallorca.com\/pl\/wp-json\/wp\/v2\/pages\/7208\/revisions"}],"predecessor-version":[{"id":98504,"href":"https:\/\/www.costadelsol-mallorca.com\/pl\/wp-json\/wp\/v2\/pages\/7208\/revisions\/98504"}],"up":[{"embeddable":true,"href":"https:\/\/www.costadelsol-mallorca.com\/pl\/wp-json\/wp\/v2\/pages\/7198"}],"wp:attachment":[{"href":"https:\/\/www.costadelsol-mallorca.com\/pl\/wp-json\/wp\/v2\/media?parent=7208"}],"curies":[{"name":"wp","href":"https:\/\/api.w.org\/{rel}","templated":true}]}}