{"id":7219,"date":"2018-07-23T08:57:22","date_gmt":"2018-07-23T06:57:22","guid":{"rendered":"https:\/\/www.costadelsol-mallorca.com\/okolica\/buy-houses-and-apartments-in-torrevieja\/"},"modified":"2022-11-24T10:05:41","modified_gmt":"2022-11-24T09:05:41","slug":"estepona","status":"publish","type":"page","link":"https:\/\/www.costadelsol-mallorca.com\/pl\/okolica\/estepona\/","title":{"rendered":"Estepona"},"content":{"rendered":"<div class=\"wpb-content-wrapper\"><p>[vc_row][vc_column css_animation=&#8221;none&#8221;][vc_column_text]Estepona wyr\u00f3\u017cnia si\u0119 jako jedno z g\u0142\u00f3wnych mi\u0119dzynarodowych miejsc turystycznych na Costa del Sol. Jego miejskie centrum jest jednym z najpi\u0119kniejszych i najlepiej utrzymanych w regionie Andaluzji. Pe\u0142ne doniczek i kwiat\u00f3w, kt\u00f3re zawdzi\u0119czaj\u0105 przydomek tego miasta: Ogr\u00f3d Costa del Sol. Serdecznie polecamy ogr\u00f3d orchidei, po\u0142o\u017cony w centrum miasta, ma ponad 1300 gatunk\u00f3w storczyk\u00f3w i jest gwiazd\u0105 tego miejsca.<\/p>\n<p>Po\u0142o\u017cenie geograficzne Estepony pozwala na eksponowanie bogatego i \u017cywio\u0142owego krajobrazu, poniewa\u017c dynamika pr\u0105d\u00f3w Oceanu Atlantyckiego i Morza \u015ar\u00f3dziemnego sprzyja r\u00f3\u017cnorodno\u015bci biologicznej i obfito\u015bci na tym obszarze.<\/p>\n<p><img loading=\"lazy\" decoding=\"async\" class=\"alignright\" src=\"https:\/\/www.costadelsol-mallorca.com\/wp-content\/uploads\/2022\/11\/pwfjad-estepona-img.jpg\" alt=\"\" width=\"500\" height=\"500\" \/><\/p>\n<p>El Jard\u00edn de la Costa del Sol (Ogr\u00f3d Costa del Sol), jak sama nazwa wskazuje, ma wszystko: pi\u0119kne pla\u017ce z niebiesk\u0105 flag\u0105, niedawno odnowion\u0105 promenad\u0119, du\u017c\u0105 przysta\u0144, mn\u00f3stwo<\/p>\n<p>bar\u00f3w i restauracji oraz wspania\u0142e miejsca do wypoczynku.<\/p>\n<p>Status centrum turystycznego sprzyja\u0142 rozwojowi miasta i stale si\u0119 rozwija, co nie usz\u0142o uwadze rynku nieruchomo\u015bci. Dochody z wynajmu wzros\u0142y w ostatnich latach, sprzyjaj\u0105c inwestycjom. Ponadto jest wielu obcokrajowc\u00f3w, kt\u00f3rzy wybieraj\u0105 Estepon\u0119 jako\u00a0ich drugi dom. Kluczow\u0105 kwesti\u0105 jest r\u00f3wnie\u017c odleg\u0142o\u015b\u0107 do lotniska w Maladze (77 km) i lotniska Gibraltar (47 km). Inne bardzo turystyczne miasta, takie jak Marbella, oddalone s\u0105 o mniej ni\u017c 30 minut jazdy samochodem.[\/vc_column_text][\/vc_column][\/vc_row][vc_row][vc_column][vc_column_text]<\/p>\n<h3>Costa del Sol:<\/h3>\n<p>[\/vc_column_text]<div class=\"inspiry-message\"><strong>Result:<\/strong> <span>No Properties Found!<\/span><\/div>[\/vc_column][\/vc_row]<\/p>\n<\/div>","protected":false},"excerpt":{"rendered":"<p>[vc_row][vc_column css_animation=&#8221;none&#8221;][vc_column_text]Estepona wyr\u00f3\u017cnia si\u0119 jako jedno z g\u0142\u00f3wnych mi\u0119dzynarodowych miejsc turystycznych na Costa del Sol. Jego miejskie centrum jest jednym z najpi\u0119kniejszych i najlepiej utrzymanych w regionie Andaluzji. Pe\u0142ne doniczek i kwiat\u00f3w, kt\u00f3re zawdzi\u0119czaj\u0105 przydomek tego miasta: Ogr\u00f3d Costa del Sol. Serdecznie polecamy ogr\u00f3d orchidei, po\u0142o\u017cony w centrum miasta, ma ponad 1300 gatunk\u00f3w storczyk\u00f3w i&#8230;<\/p>\n","protected":false},"author":1,"featured_media":0,"parent":7198,"menu_order":0,"comment_status":"closed","ping_status":"closed","template":"","meta":{"footnotes":""},"class_list":["post-7219","page","type-page","status-publish","hentry"],"aioseo_notices":[],"_links":{"self":[{"href":"https:\/\/www.costadelsol-mallorca.com\/pl\/wp-json\/wp\/v2\/pages\/7219","targetHints":{"allow":["GET"]}}],"collection":[{"href":"https:\/\/www.costadelsol-mallorca.com\/pl\/wp-json\/wp\/v2\/pages"}],"about":[{"href":"https:\/\/www.costadelsol-mallorca.com\/pl\/wp-json\/wp\/v2\/types\/page"}],"author":[{"embeddable":true,"href":"https:\/\/www.costadelsol-mallorca.com\/pl\/wp-json\/wp\/v2\/users\/1"}],"replies":[{"embeddable":true,"href":"https:\/\/www.costadelsol-mallorca.com\/pl\/wp-json\/wp\/v2\/comments?post=7219"}],"version-history":[{"count":6,"href":"https:\/\/www.costadelsol-mallorca.com\/pl\/wp-json\/wp\/v2\/pages\/7219\/revisions"}],"predecessor-version":[{"id":98506,"href":"https:\/\/www.costadelsol-mallorca.com\/pl\/wp-json\/wp\/v2\/pages\/7219\/revisions\/98506"}],"up":[{"embeddable":true,"href":"https:\/\/www.costadelsol-mallorca.com\/pl\/wp-json\/wp\/v2\/pages\/7198"}],"wp:attachment":[{"href":"https:\/\/www.costadelsol-mallorca.com\/pl\/wp-json\/wp\/v2\/media?parent=7219"}],"curies":[{"name":"wp","href":"https:\/\/api.w.org\/{rel}","templated":true}]}}