{"id":7223,"date":"2018-07-23T08:59:41","date_gmt":"2018-07-23T06:59:41","guid":{"rendered":"https:\/\/www.costadelsol-mallorca.com\/okolica\/buy-a-house-in-costa-calida-orihuela-costa-ciudad-quesada\/"},"modified":"2022-11-24T10:02:00","modified_gmt":"2022-11-24T09:02:00","slug":"costa-del-sol","status":"publish","type":"page","link":"https:\/\/www.costadelsol-mallorca.com\/pl\/okolica\/costa-del-sol\/","title":{"rendered":"Costa del Sol"},"content":{"rendered":"<div class=\"wpb-content-wrapper\"><p>[vc_row][vc_column css_animation=&#8221;none&#8221;][vc_column_text]Sk\u0105pane w Morzu \u015ar\u00f3dziemnym wybrze\u017ce Costa del Sol obejmuje ponad 150 kilometr\u00f3w linii brzegowej w prowincji Malaga, na po\u0142udniu P\u00f3\u0142wyspu Iberyjskiego.<\/p>\n<p>Nic dziwnego, \u017ce region ten jest jednym z ulubionych miejsc turystycznych Europejczyk\u00f3w. Opisuj\u0105c Costa del Sol przenosimy si\u0119 do wiecznego lata: ponad 300 s\u0142onecznych dni<\/p>\n<p>dni w roku, pla\u017ce z typow\u0105 dla Morza \u015ar\u00f3dziemnego ciep\u0142\u0105 wod\u0105, bogata oferta sportowo-rekreacyjna, niezwykle kontrastowe krajobrazy mi\u0119dzy morzem a g\u00f3rami, swobodna atmosfera i wy\u015bmienita kuchnia.<\/p>\n<p><img loading=\"lazy\" decoding=\"async\" class=\"alignright\" src=\"https:\/\/www.costadelsol-mallorca.com\/wp-content\/uploads\/2022\/11\/pwfjad-costa-del-sol-nerja-andalucia-img.jpg\" alt=\"\" width=\"500\" height=\"500\" \/><\/p>\n<p>Torremolinos, Mijas, Marbella, Estepona, Benalmadena to tylko niekt\u00f3re z miast, kt\u00f3re znajdziemy w tym regionie. Ka\u017cdy z nich podziela andaluzyjski urok, jednocze\u015bnie eksponuj\u0105c swoj\u0105 indywidualno\u015b\u0107. Malaga, jej stolica, jest na sz\u00f3stym miejscu pod wzgl\u0119dem liczby mieszka\u0144c\u00f3w w ca\u0142ej Hiszpanii.<\/p>\n<p>Trend na rynku nieruchomo\u015bci nadal odnotowuje wysok\u0105 dynamik\u0119 w regionie. Nie m\u00f3wimy ju\u017c tylko o osobach, kt\u00f3re szukaj\u0105 drugiego miejsca zamieszkania lub chc\u0105 w przysz\u0142o\u015bci przeprowadzi\u0107 si\u0119 tam na emerytur\u0119, ale trend zmienia si\u0119 wraz z technologi\u0105 i sposobem pracy. Wielu m\u0142odych ludzi wybiera teraz Costa del Sol do pracy zdalnej i sp\u0119dza tam wi\u0119cej czasu w roku nie tylko wakacyjnie.<\/p>\n<p>Prowincja Malaga odpowiada za jedn\u0105 czwart\u0105 rynku nieruchomo\u015bci mieszkaniowych i 18% nowych konstrukcji. Wp\u0142yw na to ma r\u00f3wnie\u017c wielkie zainteresowanie turystyki golfowej. Marbella jest prowincj\u0105 z najwi\u0119ksz\u0105 liczb\u0105 p\u00f3l golfowych w Hiszpanii tworz\u0105c to miejsce idealnym \u200b\u200b\u015brodowiskiem dla nabywc\u00f3w dom\u00f3w.[\/vc_column_text][\/vc_column][\/vc_row][vc_row][vc_column]<div class=\"inspiry-message\"><strong>Result:<\/strong> <span>No Properties Found!<\/span><\/div>[\/vc_column][\/vc_row]<\/p>\n<\/div>","protected":false},"excerpt":{"rendered":"<p>[vc_row][vc_column css_animation=&#8221;none&#8221;][vc_column_text]Sk\u0105pane w Morzu \u015ar\u00f3dziemnym wybrze\u017ce Costa del Sol obejmuje ponad 150 kilometr\u00f3w linii brzegowej w prowincji Malaga, na po\u0142udniu P\u00f3\u0142wyspu Iberyjskiego. Nic dziwnego, \u017ce region ten jest jednym z ulubionych miejsc turystycznych Europejczyk\u00f3w. Opisuj\u0105c Costa del Sol przenosimy si\u0119 do wiecznego lata: ponad 300 s\u0142onecznych dni dni w roku, pla\u017ce z typow\u0105 dla Morza&#8230;<\/p>\n","protected":false},"author":1,"featured_media":0,"parent":7198,"menu_order":0,"comment_status":"closed","ping_status":"closed","template":"","meta":{"footnotes":""},"class_list":["post-7223","page","type-page","status-publish","hentry"],"aioseo_notices":[],"_links":{"self":[{"href":"https:\/\/www.costadelsol-mallorca.com\/pl\/wp-json\/wp\/v2\/pages\/7223","targetHints":{"allow":["GET"]}}],"collection":[{"href":"https:\/\/www.costadelsol-mallorca.com\/pl\/wp-json\/wp\/v2\/pages"}],"about":[{"href":"https:\/\/www.costadelsol-mallorca.com\/pl\/wp-json\/wp\/v2\/types\/page"}],"author":[{"embeddable":true,"href":"https:\/\/www.costadelsol-mallorca.com\/pl\/wp-json\/wp\/v2\/users\/1"}],"replies":[{"embeddable":true,"href":"https:\/\/www.costadelsol-mallorca.com\/pl\/wp-json\/wp\/v2\/comments?post=7223"}],"version-history":[{"count":5,"href":"https:\/\/www.costadelsol-mallorca.com\/pl\/wp-json\/wp\/v2\/pages\/7223\/revisions"}],"predecessor-version":[{"id":98503,"href":"https:\/\/www.costadelsol-mallorca.com\/pl\/wp-json\/wp\/v2\/pages\/7223\/revisions\/98503"}],"up":[{"embeddable":true,"href":"https:\/\/www.costadelsol-mallorca.com\/pl\/wp-json\/wp\/v2\/pages\/7198"}],"wp:attachment":[{"href":"https:\/\/www.costadelsol-mallorca.com\/pl\/wp-json\/wp\/v2\/media?parent=7223"}],"curies":[{"name":"wp","href":"https:\/\/api.w.org\/{rel}","templated":true}]}}